{"id":662,"date":"2021-03-28T19:27:32","date_gmt":"2021-03-28T17:27:32","guid":{"rendered":"https:\/\/christophedubois.fr\/formation\/?page_id=662"},"modified":"2021-03-29T15:16:51","modified_gmt":"2021-03-29T13:16:51","slug":"conditions-generales-de-vente","status":"publish","type":"page","link":"https:\/\/christophedubois.fr\/formation\/index.php\/conditions-generales-de-vente\/","title":{"rendered":"Conditions g\u00e9n\u00e9rales de vente"},"content":{"rendered":"\n<p><\/p>\n\n\n\n<p><\/p>\n\n\n\n<p>Les pr\u00e9sentes Conditions G\u00e9n\u00e9rales de Services d\u00e9finissent vos droits et obligations en tant que Membre dans le cadre de l\u2019Abonnement aux Services et s\u2019appliquent durant toute la dur\u00e9e de mise en ligne des Services sur la Plateforme.<\/p>\n\n\n\n<p>Les Conditions G\u00e9n\u00e9rales de Services sont opposables \u00e0 l\u2019Abonn\u00e9 qui reconna\u00eet, en cochant une case pr\u00e9vue \u00e0 cet effet, en avoir eu connaissance et les avoir accept\u00e9es avant de passer commande.<\/p>\n\n\n\n<p>Les Conditions G\u00e9n\u00e9rales de Services vous ont \u00e9t\u00e9 communiqu\u00e9es en amont de votre commande, \u00e9tant accessibles \u00e0 tout moment sur notre Plateforme et lors de la commande de votre Abonnement. Elles sont \u00e9mises par la soci\u00e9t\u00e9 webformation.pro dont les coordonn\u00e9es figurent sous la rubrique \u00ab&nbsp;Mentions L\u00e9gales&nbsp;\u00bb du site accessible \u00e0 l\u2019adresse url suivante&nbsp;:&nbsp;<a href=\"https:\/\/christophedubois.fr\/formation\/index.php\/mention-legales\/\">https:\/\/christophedubois.fr\/formation\/index.php\/mention-legales\/<\/a><\/p>\n\n\n\n<p><\/p>\n\n\n\n<p><strong>1 Service micro-caisse<\/strong><\/p>\n\n\n\n<p>Le Service Micro-caisse donne acc\u00e8s aux fonctionnalit\u00e9s suivantes&nbsp;:<\/p>\n\n\n\n<ul class=\"wp-block-list\"><li>T\u00e9l\u00e9chargement du fichier \u00ab\u00a0micro-caisse\u00a0\u00bb<\/li><li>acc\u00e8s aux Supports de formation&nbsp;de la rubrique micro-caisse sur le site webformation.pro;<\/li><\/ul>\n\n\n\n<p>Pour souscrire \u00e0 l&rsquo;offre micro-caisse, vous devrez vous rendre sur la page permettant de souscrire \u00e0 l\u2019Abonnement. L\u2019Abonn\u00e9 devra ensuite remplir ses coordonn\u00e9es personnelles et bancaires, et accepter les Conditions G\u00e9n\u00e9rales de Services en cochant la case pr\u00e9vue \u00e0 cet effet.<\/p>\n\n\n\n<p>le prix et la description sont affich\u00e9s sur la page&nbsp;suivante :<\/p>\n\n\n\n<figure class=\"wp-block-embed is-type-wp-embed is-provider-webformation-pro wp-block-embed-webformation-pro\"><div class=\"wp-block-embed__wrapper\">\n<blockquote class=\"wp-embedded-content\" data-secret=\"be1gchKKhL\"><a href=\"https:\/\/christophedubois.fr\/formation\/index.php\/abonnement-micro-caisse\/\">Abonnement micro-caisse<\/a><\/blockquote><iframe class=\"wp-embedded-content\" sandbox=\"allow-scripts\" security=\"restricted\" style=\"position: absolute; clip: rect(1px, 1px, 1px, 1px);\" title=\"\u00ab\u00a0Abonnement micro-caisse\u00a0\u00bb &#8212; Webformation.pro\" src=\"https:\/\/christophedubois.fr\/formation\/index.php\/abonnement-micro-caisse\/embed\/#?secret=be1gchKKhL\" data-secret=\"be1gchKKhL\" width=\"600\" height=\"338\" frameborder=\"0\" marginwidth=\"0\" marginheight=\"0\" scrolling=\"no\"><\/iframe>\n<\/div><\/figure>\n\n\n\n<p>Le service micro-caisse \u00e0 une dur\u00e9e limit\u00e9e de douze mois. Au terme de l&rsquo;abonnement, vous devez renouveler votre abonnement pour b\u00e9n\u00e9ficier a nouveau des services.<\/p>\n\n\n\n<p><strong>2 Service Web-pro&nbsp;<\/strong><\/p>\n\n\n\n<p>Le &nbsp;Service web-pro, vous permet de &nbsp;b\u00e9n\u00e9ficier de l&rsquo;acc\u00e8s aux Supports de formation&nbsp;de la rubrique formation Web du site webformation.pro.<\/p>\n\n\n\n<p>Pour souscrire \u00e0 l&rsquo;offre Web-pro, vous devrez vous rendre sur la page permettant de souscrire \u00e0 l\u2019Abonnement. L\u2019Abonn\u00e9 devra ensuite remplir ses coordonn\u00e9es personnelles et bancaires, et accepter les Conditions G\u00e9n\u00e9rales de Services en cochant la case pr\u00e9vue \u00e0 cet effet.<\/p>\n\n\n\n<p>le prix et la description sont affich\u00e9s sur la page&nbsp;suivante :<\/p>\n\n\n\n<figure class=\"wp-block-embed is-type-wp-embed is-provider-webformation-pro wp-block-embed-webformation-pro\"><div class=\"wp-block-embed__wrapper\">\n<blockquote class=\"wp-embedded-content\" data-secret=\"EXdqtJIGDL\"><a href=\"https:\/\/christophedubois.fr\/formation\/index.php\/abonnement-formation-web\/\">abonnement formation web<\/a><\/blockquote><iframe class=\"wp-embedded-content\" sandbox=\"allow-scripts\" security=\"restricted\" style=\"position: absolute; clip: rect(1px, 1px, 1px, 1px);\" title=\"\u00ab\u00a0abonnement formation web\u00a0\u00bb &#8212; Webformation.pro\" src=\"https:\/\/christophedubois.fr\/formation\/index.php\/abonnement-formation-web\/embed\/#?secret=EXdqtJIGDL\" data-secret=\"EXdqtJIGDL\" width=\"600\" height=\"338\" frameborder=\"0\" marginwidth=\"0\" marginheight=\"0\" scrolling=\"no\"><\/iframe>\n<\/div><\/figure>\n\n\n\n<p>Le service web-pro \u00e0 une dur\u00e9e limit\u00e9e de douze mois. Au terme de l&rsquo;abonnement, vous devez renouveler votre abonnement pour b\u00e9n\u00e9ficier a nouveau des services.<\/p>\n\n\n\n<p><strong>Article 3 Paiement et prix<\/strong><\/p>\n\n\n\n<p>Le prix de la commande est payable dans son int\u00e9gralit\u00e9 lors de la confirmation de la commande.<\/p>\n\n\n\n<p>Le prix est exigible en totalit\u00e9 apr\u00e8s confirmation de la commande en fonction de l&rsquo;offre de Service souscrite.<\/p>\n\n\n\n<p>Le paiement s\u2019effectue par carte bancaire au moyen de l&rsquo;interface de paiement s\u00e9curis\u00e9e ou tout autre mode de paiement disponible sur la plateforme Webformation.pro au jour de l\u2019Abonnement. &nbsp;En l&rsquo;absence de r\u00e8glement du prix \u00e0 l&rsquo;\u00e9ch\u00e9ance fix\u00e9e, nous nous r\u00e9servons le droit d&rsquo;en r\u00e9clamer le paiement, de suspendre l\u2019ex\u00e9cution des Services concern\u00e9s ou de r\u00e9soudre de plein droit le contrat. &nbsp;Une facture est envoy\u00e9e par courriel \u00e0 l&rsquo;adresse renseign\u00e9 lors de votre inscription pour chaque commande effectu\u00e9e<\/p>\n\n\n\n<p><strong>4 &#8211; Renonciation au droit de r\u00e9tractation<\/strong><\/p>\n\n\n\n<p>Conform\u00e9ment aux dispositions de l\u2019article L221-28 1\u00b0 et 13\u00b0 du Code de la Consommation, aucune annulation ne sera possible \u00e0 partir du moment o\u00f9 l\u2019Abonn\u00e9 aura fait usage de ses codes d\u2019acc\u00e8s pour acc\u00e9der \u00e0 la plate-forme de formation, ce qui vaudra d\u00e9but d\u2019ex\u00e9cution et renoncement expr\u00e8s \u00e0 exercer son droit de r\u00e9tractation.<\/p>\n\n\n\n<p><strong>5 &#8211; Responsabilit\u00e9<\/strong><\/p>\n\n\n\n<p>L\u2019Abonn\u00e9 d\u00e9clare conna\u00eetre et accepter les caract\u00e9ristiques et les limites de la transmission d\u2019informations par le r\u00e9seau internet, ainsi que les co\u00fbts propres \u00e0 la connexion \u00e0 ce r\u00e9seau, il reconna\u00eet qu\u2019il lui appartient de s\u2019assurer que les caract\u00e9ristiques techniques du mat\u00e9riel qu\u2019il utilise lui permettent un acc\u00e8s au service dans de bonnes conditions, en particulier en ce qui concerne la transmission de documents par internet, et de prendre toutes mesures appropri\u00e9es pour \u00eatre prot\u00e9g\u00e9 d\u2019une contamination par d\u2019\u00e9ventuels programmes malicieux.<\/p>\n\n\n\n<p>La responsabilit\u00e9 de webformation.pro ne peut \u00eatre engag\u00e9e qu\u2019en cas de faute ou de n\u00e9gligence prouv\u00e9e et sera limit\u00e9e aux pr\u00e9judices directs subis par l\u2019Abonn\u00e9, \u00e0 l\u2019exclusion de tout pr\u00e9judice indirect, de quelque nature que ce soit de r\u00e9sultat, d\u2019exploitation, pr\u00e9judice commercial ou perte de donn\u00e9es et\/ou fichiers. En tout \u00e9tat de cause, au cas o\u00f9 la responsabilit\u00e9 de webformation.pro serait retenue, le montant total de toute somme mise \u00e0 la charge webformation.pro ne pourra exc\u00e9der le montant total du prix pay\u00e9 par l\u2019Abonn\u00e9 au titre du Service concern\u00e9.<\/p>\n\n\n\n<p><strong>Article 6 &#8211; Propri\u00e9t\u00e9 intellectuelle<\/strong><\/p>\n\n\n\n<p>Le contenu des Cours et des Parcours est la propri\u00e9t\u00e9 de webformation.pro. Il est comme tel strictement r\u00e9serv\u00e9 au titre du droit d&rsquo;auteur ainsi qu&rsquo;au titre de la propri\u00e9t\u00e9 intellectuelle par leurs titulaires. En cons\u00e9quence, toute reproduction, imitation ou repr\u00e9sentation totale ou partielle non autoris\u00e9e de ces marques, logos, signes distinctifs et contenus constitue une violation du droit d&rsquo;auteur passible de poursuites civiles et p\u00e9nales.<\/p>\n\n\n\n<p>&nbsp;Tous les fichiers sont strictement r\u00e9serv\u00e9s au titre du droit d&rsquo;auteur ainsi qu&rsquo;au titre de la propri\u00e9t\u00e9 intellectuelle par leurs titulaires. A ce titre et conform\u00e9ment aux dispositions du Code de la propri\u00e9t\u00e9 intellectuelle, seule l&rsquo;utilisation pour un usage priv\u00e9 est autoris\u00e9e. Toute reproduction, imitation, repr\u00e9sentation ou extraction totale ou partielle de ces fichiers, \u00e0 d&rsquo;autres fins que leur utilisation conforme \u00e0 leur destination et\/ou le transfert sur un autre support est strictement interdit et sera consid\u00e9r\u00e9e comme une violation du droit d&rsquo;auteur passible de poursuites civile et p\u00e9nales. Toute revente, \u00e9change, louage des fichiers ou transfert \u00e0 un tiers, sont strictement interdits.<\/p>\n\n\n\n<p><strong>Article 7 &#8211; Donn\u00e9es personnelles<\/strong><\/p>\n\n\n\n<p>Notre Politique de donn\u00e9es personnelles est accessible au lien suivant&nbsp;:&nbsp;<\/p>\n\n\n\n<figure class=\"wp-block-embed is-type-wp-embed is-provider-webformation-pro wp-block-embed-webformation-pro\"><div class=\"wp-block-embed__wrapper\">\n<blockquote class=\"wp-embedded-content\" data-secret=\"dbdT7CeJy2\"><a href=\"https:\/\/christophedubois.fr\/formation\/index.php\/mention-legales\/\">Mention l\u00e9gales<\/a><\/blockquote><iframe class=\"wp-embedded-content\" sandbox=\"allow-scripts\" security=\"restricted\" style=\"position: absolute; clip: rect(1px, 1px, 1px, 1px);\" title=\"\u00ab\u00a0Mention l\u00e9gales\u00a0\u00bb &#8212; Webformation.pro\" src=\"https:\/\/christophedubois.fr\/formation\/index.php\/mention-legales\/embed\/#?secret=dbdT7CeJy2\" data-secret=\"dbdT7CeJy2\" width=\"600\" height=\"338\" frameborder=\"0\" marginwidth=\"0\" marginheight=\"0\" scrolling=\"no\"><\/iframe>\n<\/div><\/figure>\n\n\n\n<p><strong>Article 8 &#8211; Droit applicable<\/strong><\/p>\n\n\n\n<p>Les Conditions G\u00e9n\u00e9rales de Services sont soumises \u00e0 la loi fran\u00e7aise.<\/p>\n","protected":false},"excerpt":{"rendered":"<p>Les pr\u00e9sentes Conditions G\u00e9n\u00e9rales de Services d\u00e9finissent vos droits et obligations en tant que Membre dans le cadre de l\u2019Abonnement aux Services et s\u2019appliquent durant&hellip;<\/p>\n","protected":false},"author":1,"featured_media":0,"parent":0,"menu_order":0,"comment_status":"closed","ping_status":"closed","template":"","meta":{"cybocfi_hide_featured_image":"","footnotes":""},"class_list":["post-662","page","type-page","status-publish","hentry"],"yoast_head":"<!-- This site is optimized with the Yoast SEO plugin v26.2 - https:\/\/yoast.com\/wordpress\/plugins\/seo\/ -->\n<title>Conditions g\u00e9n\u00e9rales de vente - Webformation.pro<\/title>\n<meta name=\"robots\" content=\"index, follow, max-snippet:-1, max-image-preview:large, max-video-preview:-1\" \/>\n<link rel=\"canonical\" href=\"https:\/\/christophedubois.fr\/formation\/index.php\/conditions-generales-de-vente\/\" \/>\n<meta property=\"og:locale\" content=\"fr_FR\" \/>\n<meta property=\"og:type\" content=\"article\" \/>\n<meta property=\"og:title\" content=\"Conditions g\u00e9n\u00e9rales de vente - Webformation.pro\" \/>\n<meta property=\"og:description\" content=\"Les pr\u00e9sentes Conditions G\u00e9n\u00e9rales de Services d\u00e9finissent vos droits et obligations en tant que Membre dans le cadre de l\u2019Abonnement aux Services et s\u2019appliquent durant&hellip;\" \/>\n<meta property=\"og:url\" content=\"https:\/\/christophedubois.fr\/formation\/index.php\/conditions-generales-de-vente\/\" \/>\n<meta property=\"og:site_name\" content=\"Webformation.pro\" \/>\n<meta property=\"article:publisher\" content=\"https:\/\/www.facebook.com\/christophe.dubois.webformation\" \/>\n<meta property=\"article:modified_time\" content=\"2021-03-29T13:16:51+00:00\" \/>\n<meta property=\"og:image\" content=\"https:\/\/christophedubois.fr\/formation\/wp-content\/uploads\/2021\/04\/logo-carre-webformation-hautsdefrance.jpg\" \/>\n\t<meta property=\"og:image:width\" content=\"497\" \/>\n\t<meta property=\"og:image:height\" content=\"600\" \/>\n\t<meta property=\"og:image:type\" content=\"image\/jpeg\" \/>\n<meta name=\"twitter:card\" content=\"summary_large_image\" \/>\n<meta name=\"twitter:label1\" content=\"Dur\u00e9e de lecture estim\u00e9e\" \/>\n\t<meta name=\"twitter:data1\" content=\"5 minutes\" \/>\n<script type=\"application\/ld+json\" class=\"yoast-schema-graph\">{\"@context\":\"https:\/\/schema.org\",\"@graph\":[{\"@type\":\"WebPage\",\"@id\":\"https:\/\/christophedubois.fr\/formation\/index.php\/conditions-generales-de-vente\/\",\"url\":\"https:\/\/christophedubois.fr\/formation\/index.php\/conditions-generales-de-vente\/\",\"name\":\"Conditions g\u00e9n\u00e9rales de vente - Webformation.pro\",\"isPartOf\":{\"@id\":\"https:\/\/christophedubois.fr\/formation\/#website\"},\"datePublished\":\"2021-03-28T17:27:32+00:00\",\"dateModified\":\"2021-03-29T13:16:51+00:00\",\"breadcrumb\":{\"@id\":\"https:\/\/christophedubois.fr\/formation\/index.php\/conditions-generales-de-vente\/#breadcrumb\"},\"inLanguage\":\"fr-FR\",\"potentialAction\":[{\"@type\":\"ReadAction\",\"target\":[\"https:\/\/christophedubois.fr\/formation\/index.php\/conditions-generales-de-vente\/\"]}]},{\"@type\":\"BreadcrumbList\",\"@id\":\"https:\/\/christophedubois.fr\/formation\/index.php\/conditions-generales-de-vente\/#breadcrumb\",\"itemListElement\":[{\"@type\":\"ListItem\",\"position\":1,\"name\":\"Accueil\",\"item\":\"https:\/\/christophedubois.fr\/formation\/\"},{\"@type\":\"ListItem\",\"position\":2,\"name\":\"Conditions g\u00e9n\u00e9rales de vente\"}]},{\"@type\":\"WebSite\",\"@id\":\"https:\/\/christophedubois.fr\/formation\/#website\",\"url\":\"https:\/\/christophedubois.fr\/formation\/\",\"name\":\"Webformation.pro\",\"description\":\"La formation au Web pour les pros\",\"publisher\":{\"@id\":\"https:\/\/christophedubois.fr\/formation\/#organization\"},\"potentialAction\":[{\"@type\":\"SearchAction\",\"target\":{\"@type\":\"EntryPoint\",\"urlTemplate\":\"https:\/\/christophedubois.fr\/formation\/?s={search_term_string}\"},\"query-input\":{\"@type\":\"PropertyValueSpecification\",\"valueRequired\":true,\"valueName\":\"search_term_string\"}}],\"inLanguage\":\"fr-FR\"},{\"@type\":\"Organization\",\"@id\":\"https:\/\/christophedubois.fr\/formation\/#organization\",\"name\":\"webformation.pro\",\"url\":\"https:\/\/christophedubois.fr\/formation\/\",\"logo\":{\"@type\":\"ImageObject\",\"inLanguage\":\"fr-FR\",\"@id\":\"https:\/\/christophedubois.fr\/formation\/#\/schema\/logo\/image\/\",\"url\":\"https:\/\/christophedubois.fr\/formation\/wp-content\/uploads\/2022\/01\/entete-webformation-hautsdefrance4-scaled.jpg\",\"contentUrl\":\"https:\/\/christophedubois.fr\/formation\/wp-content\/uploads\/2022\/01\/entete-webformation-hautsdefrance4-scaled.jpg\",\"width\":2560,\"height\":537,\"caption\":\"webformation.pro\"},\"image\":{\"@id\":\"https:\/\/christophedubois.fr\/formation\/#\/schema\/logo\/image\/\"},\"sameAs\":[\"https:\/\/www.facebook.com\/christophe.dubois.webformation\",\"https:\/\/www.linkedin.com\/company\/webformation\/\"]}]}<\/script>\n<!-- \/ Yoast SEO plugin. -->","yoast_head_json":{"title":"Conditions g\u00e9n\u00e9rales de vente - Webformation.pro","robots":{"index":"index","follow":"follow","max-snippet":"max-snippet:-1","max-image-preview":"max-image-preview:large","max-video-preview":"max-video-preview:-1"},"canonical":"https:\/\/christophedubois.fr\/formation\/index.php\/conditions-generales-de-vente\/","og_locale":"fr_FR","og_type":"article","og_title":"Conditions g\u00e9n\u00e9rales de vente - Webformation.pro","og_description":"Les pr\u00e9sentes Conditions G\u00e9n\u00e9rales de Services d\u00e9finissent vos droits et obligations en tant que Membre dans le cadre de l\u2019Abonnement aux Services et s\u2019appliquent durant&hellip;","og_url":"https:\/\/christophedubois.fr\/formation\/index.php\/conditions-generales-de-vente\/","og_site_name":"Webformation.pro","article_publisher":"https:\/\/www.facebook.com\/christophe.dubois.webformation","article_modified_time":"2021-03-29T13:16:51+00:00","og_image":[{"width":497,"height":600,"url":"https:\/\/christophedubois.fr\/formation\/wp-content\/uploads\/2021\/04\/logo-carre-webformation-hautsdefrance.jpg","type":"image\/jpeg"}],"twitter_card":"summary_large_image","twitter_misc":{"Dur\u00e9e de lecture estim\u00e9e":"5 minutes"},"schema":{"@context":"https:\/\/schema.org","@graph":[{"@type":"WebPage","@id":"https:\/\/christophedubois.fr\/formation\/index.php\/conditions-generales-de-vente\/","url":"https:\/\/christophedubois.fr\/formation\/index.php\/conditions-generales-de-vente\/","name":"Conditions g\u00e9n\u00e9rales de vente - Webformation.pro","isPartOf":{"@id":"https:\/\/christophedubois.fr\/formation\/#website"},"datePublished":"2021-03-28T17:27:32+00:00","dateModified":"2021-03-29T13:16:51+00:00","breadcrumb":{"@id":"https:\/\/christophedubois.fr\/formation\/index.php\/conditions-generales-de-vente\/#breadcrumb"},"inLanguage":"fr-FR","potentialAction":[{"@type":"ReadAction","target":["https:\/\/christophedubois.fr\/formation\/index.php\/conditions-generales-de-vente\/"]}]},{"@type":"BreadcrumbList","@id":"https:\/\/christophedubois.fr\/formation\/index.php\/conditions-generales-de-vente\/#breadcrumb","itemListElement":[{"@type":"ListItem","position":1,"name":"Accueil","item":"https:\/\/christophedubois.fr\/formation\/"},{"@type":"ListItem","position":2,"name":"Conditions g\u00e9n\u00e9rales de vente"}]},{"@type":"WebSite","@id":"https:\/\/christophedubois.fr\/formation\/#website","url":"https:\/\/christophedubois.fr\/formation\/","name":"Webformation.pro","description":"La formation au Web pour les pros","publisher":{"@id":"https:\/\/christophedubois.fr\/formation\/#organization"},"potentialAction":[{"@type":"SearchAction","target":{"@type":"EntryPoint","urlTemplate":"https:\/\/christophedubois.fr\/formation\/?s={search_term_string}"},"query-input":{"@type":"PropertyValueSpecification","valueRequired":true,"valueName":"search_term_string"}}],"inLanguage":"fr-FR"},{"@type":"Organization","@id":"https:\/\/christophedubois.fr\/formation\/#organization","name":"webformation.pro","url":"https:\/\/christophedubois.fr\/formation\/","logo":{"@type":"ImageObject","inLanguage":"fr-FR","@id":"https:\/\/christophedubois.fr\/formation\/#\/schema\/logo\/image\/","url":"https:\/\/christophedubois.fr\/formation\/wp-content\/uploads\/2022\/01\/entete-webformation-hautsdefrance4-scaled.jpg","contentUrl":"https:\/\/christophedubois.fr\/formation\/wp-content\/uploads\/2022\/01\/entete-webformation-hautsdefrance4-scaled.jpg","width":2560,"height":537,"caption":"webformation.pro"},"image":{"@id":"https:\/\/christophedubois.fr\/formation\/#\/schema\/logo\/image\/"},"sameAs":["https:\/\/www.facebook.com\/christophe.dubois.webformation","https:\/\/www.linkedin.com\/company\/webformation\/"]}]}},"_links":{"self":[{"href":"https:\/\/christophedubois.fr\/formation\/index.php\/wp-json\/wp\/v2\/pages\/662","targetHints":{"allow":["GET"]}}],"collection":[{"href":"https:\/\/christophedubois.fr\/formation\/index.php\/wp-json\/wp\/v2\/pages"}],"about":[{"href":"https:\/\/christophedubois.fr\/formation\/index.php\/wp-json\/wp\/v2\/types\/page"}],"author":[{"embeddable":true,"href":"https:\/\/christophedubois.fr\/formation\/index.php\/wp-json\/wp\/v2\/users\/1"}],"replies":[{"embeddable":true,"href":"https:\/\/christophedubois.fr\/formation\/index.php\/wp-json\/wp\/v2\/comments?post=662"}],"version-history":[{"count":3,"href":"https:\/\/christophedubois.fr\/formation\/index.php\/wp-json\/wp\/v2\/pages\/662\/revisions"}],"predecessor-version":[{"id":673,"href":"https:\/\/christophedubois.fr\/formation\/index.php\/wp-json\/wp\/v2\/pages\/662\/revisions\/673"}],"wp:attachment":[{"href":"https:\/\/christophedubois.fr\/formation\/index.php\/wp-json\/wp\/v2\/media?parent=662"}],"curies":[{"name":"wp","href":"https:\/\/api.w.org\/{rel}","templated":true}]}}