{"id":641,"date":"2021-03-28T18:30:05","date_gmt":"2021-03-28T16:30:05","guid":{"rendered":"https:\/\/christophedubois.fr\/formation\/?page_id=641"},"modified":"2025-10-29T18:31:37","modified_gmt":"2025-10-29T17:31:37","slug":"entreprise","status":"publish","type":"page","link":"https:\/\/christophedubois.fr\/formation\/index.php\/entreprise\/","title":{"rendered":"Entreprises"},"content":{"rendered":"\n<p><br>Une pr\u00e9sence sur le Web est d\u00e9sormais indispensable quelque soit la taille de votre entreprise. En revanche, pour les petites entreprises, le budget communication est  limit\u00e9 et le prix pour faire cr\u00e9er un site Internet est souvent un repoussoir. <\/p>\n\n\n\n<p>De plus, les offres d&rsquo;abonnement qui sont propos\u00e9es sont faites pour garder le client \u00ab\u00a0captif\u00a0\u00bb : lorsque vous d\u00e9cidez de mettre fin \u00e0 votre abonnement  il faut tout recommencer, car rien ne vous appartient! <\/p>\n\n\n\n<p>C&rsquo;est pour cette raison que je vous propose de concevoir  un site Internet qui vous appartiendra totalement,  avec \u00e9galement la possibilit\u00e9 de vous former \u00e0 son utilisation. <\/p>\n\n\n\n<div class=\"wp-block-media-text alignwide has-media-on-the-right is-stacked-on-mobile\" style=\"grid-template-columns:auto 38%\"><figure class=\"wp-block-media-text__media\"><a href=\"https:\/\/www.christophedubois.fr\/cv\/\" target=\"_blank\" rel=\"noopener\"><img fetchpriority=\"high\" decoding=\"async\" width=\"476\" height=\"201\" src=\"https:\/\/christophedubois.fr\/formation\/wp-content\/uploads\/2021\/10\/activateur-1.png\" alt=\"\" class=\"wp-image-1116 size-full\" srcset=\"https:\/\/christophedubois.fr\/formation\/wp-content\/uploads\/2021\/10\/activateur-1.png 476w, https:\/\/christophedubois.fr\/formation\/wp-content\/uploads\/2021\/10\/activateur-1-300x127.png 300w\" sizes=\"(max-width: 476px) 100vw, 476px\" \/><\/a><\/figure><div class=\"wp-block-media-text__content\">\n<p class=\"has-text-align-right\" style=\"font-size:25px\">Christophe Dubois<\/p>\n<\/div><\/div>\n\n\n\n\n\n<div class=\"wp-block-media-text alignwide is-stacked-on-mobile\" style=\"grid-template-columns:15% auto\"><figure class=\"wp-block-media-text__media\"><img decoding=\"async\" width=\"283\" height=\"287\" src=\"https:\/\/christophedubois.fr\/formation\/wp-content\/uploads\/2021\/04\/telephone.png\" alt=\"\" class=\"wp-image-948 size-full\"\/><\/figure><div class=\"wp-block-media-text__content\">\n<p><\/p>\n\n\n\n<p style=\"font-size:25px\">06 68 51 53 79<\/p>\n\n\n\n<p><\/p>\n\n\n\n<p><\/p>\n<\/div><\/div>\n\n\n\n<div class=\"wp-block-media-text alignwide is-stacked-on-mobile\" style=\"grid-template-columns:15% auto\"><figure class=\"wp-block-media-text__media\"><img decoding=\"async\" width=\"283\" height=\"203\" src=\"https:\/\/christophedubois.fr\/formation\/wp-content\/uploads\/2021\/04\/mail.png\" alt=\"\" class=\"wp-image-950 size-full\"\/><\/figure><div class=\"wp-block-media-text__content\">\n<p style=\"font-size:30px\">webformation.hautsdefrance@gmail.com<\/p>\n<\/div><\/div>\n\n\n\n<p><br><\/p>\n\n\n\n<p class=\"has-text-align-center\" style=\"font-size:28px\">Exemples de site cr\u00e9\u00e9 en formation :<\/p>\n\n\n<div class=\"wp-block-image\">\n<figure class=\"aligncenter size-full\"><a href=\"https:\/\/auptivrac.fr\/\" target=\"_blank\" rel=\"noopener\"><img loading=\"lazy\" decoding=\"async\" width=\"575\" height=\"832\" src=\"https:\/\/christophedubois.fr\/formation\/wp-content\/uploads\/2021\/04\/auptivrac.jpg\" alt=\"\" class=\"wp-image-809\" srcset=\"https:\/\/christophedubois.fr\/formation\/wp-content\/uploads\/2021\/04\/auptivrac.jpg 575w, https:\/\/christophedubois.fr\/formation\/wp-content\/uploads\/2021\/04\/auptivrac-207x300.jpg 207w\" sizes=\"(max-width: 575px) 100vw, 575px\" \/><\/a><\/figure><\/div>","protected":false},"excerpt":{"rendered":"<p>Une pr\u00e9sence sur le Web est d\u00e9sormais indispensable quelque soit la taille de votre entreprise. En revanche, pour les petites entreprises, le budget communication est&hellip;<\/p>\n","protected":false},"author":1,"featured_media":0,"parent":0,"menu_order":0,"comment_status":"closed","ping_status":"closed","template":"","meta":{"cybocfi_hide_featured_image":"","footnotes":""},"class_list":["post-641","page","type-page","status-publish","hentry"],"yoast_head":"<!-- This site is optimized with the Yoast SEO plugin v26.2 - https:\/\/yoast.com\/wordpress\/plugins\/seo\/ -->\n<title>Entreprises - Webformation.pro<\/title>\n<meta name=\"description\" content=\"Une pr\u00e9sence sur Internet est indispensable quelque soit la taille de votre entreprise. Webformation.pro vous propose des formations &quot;site Web&quot;.\" \/>\n<meta name=\"robots\" content=\"index, follow, max-snippet:-1, max-image-preview:large, max-video-preview:-1\" \/>\n<link rel=\"canonical\" href=\"https:\/\/christophedubois.fr\/formation\/index.php\/entreprise\/\" \/>\n<meta property=\"og:locale\" content=\"fr_FR\" \/>\n<meta property=\"og:type\" content=\"article\" \/>\n<meta property=\"og:title\" content=\"Entreprises - Webformation.pro\" \/>\n<meta property=\"og:description\" content=\"Une pr\u00e9sence sur Internet est indispensable quelque soit la taille de votre entreprise. Webformation.pro vous propose des formations &quot;site Web&quot;.\" \/>\n<meta property=\"og:url\" content=\"https:\/\/christophedubois.fr\/formation\/index.php\/entreprise\/\" \/>\n<meta property=\"og:site_name\" content=\"Webformation.pro\" \/>\n<meta property=\"article:publisher\" content=\"https:\/\/www.facebook.com\/christophe.dubois.webformation\" \/>\n<meta property=\"article:modified_time\" content=\"2025-10-29T17:31:37+00:00\" \/>\n<meta property=\"og:image\" content=\"https:\/\/christophedubois.fr\/formation\/wp-content\/uploads\/2021\/04\/auptivrac.jpg\" \/>\n<meta name=\"twitter:card\" content=\"summary_large_image\" \/>\n<meta name=\"twitter:label1\" content=\"Dur\u00e9e de lecture estim\u00e9e\" \/>\n\t<meta name=\"twitter:data1\" content=\"2 minutes\" \/>\n<script type=\"application\/ld+json\" class=\"yoast-schema-graph\">{\"@context\":\"https:\/\/schema.org\",\"@graph\":[{\"@type\":\"WebPage\",\"@id\":\"https:\/\/christophedubois.fr\/formation\/index.php\/entreprise\/\",\"url\":\"https:\/\/christophedubois.fr\/formation\/index.php\/entreprise\/\",\"name\":\"Entreprises - Webformation.pro\",\"isPartOf\":{\"@id\":\"https:\/\/christophedubois.fr\/formation\/#website\"},\"primaryImageOfPage\":{\"@id\":\"https:\/\/christophedubois.fr\/formation\/index.php\/entreprise\/#primaryimage\"},\"image\":{\"@id\":\"https:\/\/christophedubois.fr\/formation\/index.php\/entreprise\/#primaryimage\"},\"thumbnailUrl\":\"https:\/\/christophedubois.fr\/formation\/wp-content\/uploads\/2021\/04\/auptivrac.jpg\",\"datePublished\":\"2021-03-28T16:30:05+00:00\",\"dateModified\":\"2025-10-29T17:31:37+00:00\",\"description\":\"Une pr\u00e9sence sur Internet est indispensable quelque soit la taille de votre entreprise. Webformation.pro vous propose des formations \\\"site Web\\\".\",\"breadcrumb\":{\"@id\":\"https:\/\/christophedubois.fr\/formation\/index.php\/entreprise\/#breadcrumb\"},\"inLanguage\":\"fr-FR\",\"potentialAction\":[{\"@type\":\"ReadAction\",\"target\":[\"https:\/\/christophedubois.fr\/formation\/index.php\/entreprise\/\"]}]},{\"@type\":\"ImageObject\",\"inLanguage\":\"fr-FR\",\"@id\":\"https:\/\/christophedubois.fr\/formation\/index.php\/entreprise\/#primaryimage\",\"url\":\"https:\/\/christophedubois.fr\/formation\/wp-content\/uploads\/2021\/04\/auptivrac.jpg\",\"contentUrl\":\"https:\/\/christophedubois.fr\/formation\/wp-content\/uploads\/2021\/04\/auptivrac.jpg\",\"width\":575,\"height\":832},{\"@type\":\"BreadcrumbList\",\"@id\":\"https:\/\/christophedubois.fr\/formation\/index.php\/entreprise\/#breadcrumb\",\"itemListElement\":[{\"@type\":\"ListItem\",\"position\":1,\"name\":\"Accueil\",\"item\":\"https:\/\/christophedubois.fr\/formation\/\"},{\"@type\":\"ListItem\",\"position\":2,\"name\":\"Entreprises\"}]},{\"@type\":\"WebSite\",\"@id\":\"https:\/\/christophedubois.fr\/formation\/#website\",\"url\":\"https:\/\/christophedubois.fr\/formation\/\",\"name\":\"Webformation.pro\",\"description\":\"La formation au Web pour les pros\",\"publisher\":{\"@id\":\"https:\/\/christophedubois.fr\/formation\/#organization\"},\"potentialAction\":[{\"@type\":\"SearchAction\",\"target\":{\"@type\":\"EntryPoint\",\"urlTemplate\":\"https:\/\/christophedubois.fr\/formation\/?s={search_term_string}\"},\"query-input\":{\"@type\":\"PropertyValueSpecification\",\"valueRequired\":true,\"valueName\":\"search_term_string\"}}],\"inLanguage\":\"fr-FR\"},{\"@type\":\"Organization\",\"@id\":\"https:\/\/christophedubois.fr\/formation\/#organization\",\"name\":\"webformation.pro\",\"url\":\"https:\/\/christophedubois.fr\/formation\/\",\"logo\":{\"@type\":\"ImageObject\",\"inLanguage\":\"fr-FR\",\"@id\":\"https:\/\/christophedubois.fr\/formation\/#\/schema\/logo\/image\/\",\"url\":\"https:\/\/christophedubois.fr\/formation\/wp-content\/uploads\/2022\/01\/entete-webformation-hautsdefrance4-scaled.jpg\",\"contentUrl\":\"https:\/\/christophedubois.fr\/formation\/wp-content\/uploads\/2022\/01\/entete-webformation-hautsdefrance4-scaled.jpg\",\"width\":2560,\"height\":537,\"caption\":\"webformation.pro\"},\"image\":{\"@id\":\"https:\/\/christophedubois.fr\/formation\/#\/schema\/logo\/image\/\"},\"sameAs\":[\"https:\/\/www.facebook.com\/christophe.dubois.webformation\",\"https:\/\/www.linkedin.com\/company\/webformation\/\"]}]}<\/script>\n<!-- \/ Yoast SEO plugin. -->","yoast_head_json":{"title":"Entreprises - Webformation.pro","description":"Une pr\u00e9sence sur Internet est indispensable quelque soit la taille de votre entreprise. Webformation.pro vous propose des formations \"site Web\".","robots":{"index":"index","follow":"follow","max-snippet":"max-snippet:-1","max-image-preview":"max-image-preview:large","max-video-preview":"max-video-preview:-1"},"canonical":"https:\/\/christophedubois.fr\/formation\/index.php\/entreprise\/","og_locale":"fr_FR","og_type":"article","og_title":"Entreprises - Webformation.pro","og_description":"Une pr\u00e9sence sur Internet est indispensable quelque soit la taille de votre entreprise. Webformation.pro vous propose des formations \"site Web\".","og_url":"https:\/\/christophedubois.fr\/formation\/index.php\/entreprise\/","og_site_name":"Webformation.pro","article_publisher":"https:\/\/www.facebook.com\/christophe.dubois.webformation","article_modified_time":"2025-10-29T17:31:37+00:00","og_image":[{"url":"https:\/\/christophedubois.fr\/formation\/wp-content\/uploads\/2021\/04\/auptivrac.jpg","type":"","width":"","height":""}],"twitter_card":"summary_large_image","twitter_misc":{"Dur\u00e9e de lecture estim\u00e9e":"2 minutes"},"schema":{"@context":"https:\/\/schema.org","@graph":[{"@type":"WebPage","@id":"https:\/\/christophedubois.fr\/formation\/index.php\/entreprise\/","url":"https:\/\/christophedubois.fr\/formation\/index.php\/entreprise\/","name":"Entreprises - Webformation.pro","isPartOf":{"@id":"https:\/\/christophedubois.fr\/formation\/#website"},"primaryImageOfPage":{"@id":"https:\/\/christophedubois.fr\/formation\/index.php\/entreprise\/#primaryimage"},"image":{"@id":"https:\/\/christophedubois.fr\/formation\/index.php\/entreprise\/#primaryimage"},"thumbnailUrl":"https:\/\/christophedubois.fr\/formation\/wp-content\/uploads\/2021\/04\/auptivrac.jpg","datePublished":"2021-03-28T16:30:05+00:00","dateModified":"2025-10-29T17:31:37+00:00","description":"Une pr\u00e9sence sur Internet est indispensable quelque soit la taille de votre entreprise. Webformation.pro vous propose des formations \"site Web\".","breadcrumb":{"@id":"https:\/\/christophedubois.fr\/formation\/index.php\/entreprise\/#breadcrumb"},"inLanguage":"fr-FR","potentialAction":[{"@type":"ReadAction","target":["https:\/\/christophedubois.fr\/formation\/index.php\/entreprise\/"]}]},{"@type":"ImageObject","inLanguage":"fr-FR","@id":"https:\/\/christophedubois.fr\/formation\/index.php\/entreprise\/#primaryimage","url":"https:\/\/christophedubois.fr\/formation\/wp-content\/uploads\/2021\/04\/auptivrac.jpg","contentUrl":"https:\/\/christophedubois.fr\/formation\/wp-content\/uploads\/2021\/04\/auptivrac.jpg","width":575,"height":832},{"@type":"BreadcrumbList","@id":"https:\/\/christophedubois.fr\/formation\/index.php\/entreprise\/#breadcrumb","itemListElement":[{"@type":"ListItem","position":1,"name":"Accueil","item":"https:\/\/christophedubois.fr\/formation\/"},{"@type":"ListItem","position":2,"name":"Entreprises"}]},{"@type":"WebSite","@id":"https:\/\/christophedubois.fr\/formation\/#website","url":"https:\/\/christophedubois.fr\/formation\/","name":"Webformation.pro","description":"La formation au Web pour les pros","publisher":{"@id":"https:\/\/christophedubois.fr\/formation\/#organization"},"potentialAction":[{"@type":"SearchAction","target":{"@type":"EntryPoint","urlTemplate":"https:\/\/christophedubois.fr\/formation\/?s={search_term_string}"},"query-input":{"@type":"PropertyValueSpecification","valueRequired":true,"valueName":"search_term_string"}}],"inLanguage":"fr-FR"},{"@type":"Organization","@id":"https:\/\/christophedubois.fr\/formation\/#organization","name":"webformation.pro","url":"https:\/\/christophedubois.fr\/formation\/","logo":{"@type":"ImageObject","inLanguage":"fr-FR","@id":"https:\/\/christophedubois.fr\/formation\/#\/schema\/logo\/image\/","url":"https:\/\/christophedubois.fr\/formation\/wp-content\/uploads\/2022\/01\/entete-webformation-hautsdefrance4-scaled.jpg","contentUrl":"https:\/\/christophedubois.fr\/formation\/wp-content\/uploads\/2022\/01\/entete-webformation-hautsdefrance4-scaled.jpg","width":2560,"height":537,"caption":"webformation.pro"},"image":{"@id":"https:\/\/christophedubois.fr\/formation\/#\/schema\/logo\/image\/"},"sameAs":["https:\/\/www.facebook.com\/christophe.dubois.webformation","https:\/\/www.linkedin.com\/company\/webformation\/"]}]}},"_links":{"self":[{"href":"https:\/\/christophedubois.fr\/formation\/index.php\/wp-json\/wp\/v2\/pages\/641","targetHints":{"allow":["GET"]}}],"collection":[{"href":"https:\/\/christophedubois.fr\/formation\/index.php\/wp-json\/wp\/v2\/pages"}],"about":[{"href":"https:\/\/christophedubois.fr\/formation\/index.php\/wp-json\/wp\/v2\/types\/page"}],"author":[{"embeddable":true,"href":"https:\/\/christophedubois.fr\/formation\/index.php\/wp-json\/wp\/v2\/users\/1"}],"replies":[{"embeddable":true,"href":"https:\/\/christophedubois.fr\/formation\/index.php\/wp-json\/wp\/v2\/comments?post=641"}],"version-history":[{"count":44,"href":"https:\/\/christophedubois.fr\/formation\/index.php\/wp-json\/wp\/v2\/pages\/641\/revisions"}],"predecessor-version":[{"id":1367,"href":"https:\/\/christophedubois.fr\/formation\/index.php\/wp-json\/wp\/v2\/pages\/641\/revisions\/1367"}],"wp:attachment":[{"href":"https:\/\/christophedubois.fr\/formation\/index.php\/wp-json\/wp\/v2\/media?parent=641"}],"curies":[{"name":"wp","href":"https:\/\/api.w.org\/{rel}","templated":true}]}}