{"id":61,"date":"2018-11-21T11:39:37","date_gmt":"2018-11-21T10:39:37","guid":{"rendered":"http:\/\/christophedubois.fr\/formation\/?page_id=61"},"modified":"2018-11-21T11:39:37","modified_gmt":"2018-11-21T10:39:37","slug":"creation-dun-compte","status":"publish","type":"page","link":"https:\/\/christophedubois.fr\/formation\/index.php\/creation-dun-compte\/","title":{"rendered":"Cr\u00e9ation d&rsquo;un compte"},"content":{"rendered":"<div id=\"wpmem_reg\"><a id=\"register\"><\/a><form name=\"form\" method=\"post\" action=\"https:\/\/christophedubois.fr\/formation\/index.php\/creation-dun-compte\/\" id=\"wpmem_register_form\" class=\"form\"><input type=\"hidden\" id=\"_wpmem_register_nonce\" name=\"_wpmem_register_nonce\" value=\"0c93314ed3\" \/><input type=\"hidden\" name=\"_wp_http_referer\" value=\"\/formation\/index.php\/wp-json\/wp\/v2\/pages\/61\" \/><fieldset><legend>Nouvel utilisateur\u00a0?<\/legend><label for=\"username\" class=\"text\">Choisissez un Nom d\u2019utilisateur<span class=\"req\">*<\/span><\/label><div class=\"div_text\"><input name=\"username\" type=\"text\" id=\"username\" value=\"\" class=\"textbox\" required  \/><\/div><label for=\"first_name\" class=\"text\">Pr\u00e9nom<span class=\"req\">*<\/span><\/label><div class=\"div_text\"><input name=\"first_name\" type=\"text\" id=\"first_name\" value=\"\" class=\"textbox\" required  \/><\/div><label for=\"last_name\" class=\"text\">Nom<span class=\"req\">*<\/span><\/label><div class=\"div_text\"><input name=\"last_name\" type=\"text\" id=\"last_name\" value=\"\" class=\"textbox\" required  \/><\/div><label for=\"user_email\" class=\"text\">Courriel<span class=\"req\">*<\/span><\/label><div class=\"div_text\"><input name=\"user_email\" type=\"email\" id=\"user_email\" value=\"\" class=\"textbox\" required  \/><\/div><label for=\"confirm_email\" class=\"text\">Confirmer le courriel<span class=\"req\">*<\/span><\/label><div class=\"div_text\"><input name=\"confirm_email\" type=\"email\" id=\"confirm_email\" value=\"\" class=\"textbox\" required  \/><\/div><label for=\"tel\" class=\"number\">t\u00e9l\u00e9phone<\/label><div class=\"div_number\"><input name=\"tel\" type=\"number\" id=\"tel\" value=\"0\" class=\"textbox\" placeholder=\"Votre num\u00e9ro de t\u00e9l\u00e9phone ne sera pas communiqu\u00e9 \u00e0 d&#039;autres soci\u00e9t\u00e9s\" min=\"0000000000\" max=\"9999999999\" \/><\/div><label for=\"password\" class=\"text\">Mot de passe<span class=\"req\">*<\/span><\/label><div class=\"div_text\"><input name=\"password\" type=\"password\" id=\"password\" class=\"textbox\" required  \/><\/div><label for=\"confirm_password\" class=\"text\">Confirmer le mot de passe<span class=\"req\">*<\/span><\/label><div class=\"div_text\"><input name=\"confirm_password\" type=\"password\" id=\"confirm_password\" class=\"textbox\" required  \/><\/div><label for=\"groupe\" class=\"multiselect\">s\u00e9lectionner votre groupe<span class=\"req\">*<\/span><\/label><div class=\"div_multiselect\"><select name=\"groupe[]\" id=\"groupe\" class=\"multiselect\" multiple  required ><option value=\"\u00e9tudiant\">\u00e9tudiant<\/option><option value=\"auto entrepreneur\">auto entrepreneur<\/option><option value=\"commer\u00e7ant\">commer\u00e7ant<\/option><option value=\"profession lib\u00e9rale\">profession lib\u00e9rale<\/option><option value=\"salari\u00e9\">salari\u00e9<\/option><option value=\"autres\">autres<\/option><\/select><\/div><div class=\"div_text\"><input name=\"tos\" type=\"checkbox\" id=\"tos\" value=\"agree\" required  \/> <a href=\"#\" onClick=\"window.open('\/formation\/index.php\/wp-json\/wp\/v2\/pages\/61?tos=display','tos');\">J'accepte les conditions d'utilisation de webformation.pro<\/a><span class=\"req\">*<\/span><\/div><input name=\"a\" type=\"hidden\" value=\"register\" \/><input name=\"wpmem_reg_page\" type=\"hidden\" value=\"https:\/\/christophedubois.fr\/formation\/index.php\/creation-dun-compte\/\" \/><div class=\"button_div\"><input name=\"submit\" type=\"submit\" value=\"S\u2019inscrire\" class=\"buttons\" \/><\/div><div class=\"req-text\"><span class=\"req\">*<\/span>Champ requis<\/div><\/fieldset><\/form><\/div>\n","protected":false},"excerpt":{"rendered":"","protected":false},"author":1,"featured_media":0,"parent":0,"menu_order":0,"comment_status":"closed","ping_status":"closed","template":"","meta":{"cybocfi_hide_featured_image":"","footnotes":""},"class_list":["post-61","page","type-page","status-publish","hentry"],"yoast_head":"<!-- This site is optimized with the Yoast SEO plugin v26.2 - https:\/\/yoast.com\/wordpress\/plugins\/seo\/ -->\n<title>Cr\u00e9ation d&#039;un compte - Webformation.pro<\/title>\n<meta name=\"robots\" content=\"index, follow, max-snippet:-1, max-image-preview:large, max-video-preview:-1\" \/>\n<link rel=\"canonical\" href=\"https:\/\/christophedubois.fr\/formation\/index.php\/creation-dun-compte\/\" \/>\n<meta property=\"og:locale\" content=\"fr_FR\" \/>\n<meta property=\"og:type\" content=\"article\" \/>\n<meta property=\"og:title\" content=\"Cr\u00e9ation d&#039;un compte - Webformation.pro\" \/>\n<meta property=\"og:url\" content=\"https:\/\/christophedubois.fr\/formation\/index.php\/creation-dun-compte\/\" \/>\n<meta property=\"og:site_name\" content=\"Webformation.pro\" \/>\n<meta property=\"article:publisher\" content=\"https:\/\/www.facebook.com\/christophe.dubois.webformation\" \/>\n<meta property=\"og:image\" content=\"https:\/\/christophedubois.fr\/formation\/wp-content\/uploads\/2021\/04\/logo-carre-webformation-hautsdefrance.jpg\" \/>\n\t<meta property=\"og:image:width\" content=\"497\" \/>\n\t<meta property=\"og:image:height\" content=\"600\" \/>\n\t<meta property=\"og:image:type\" content=\"image\/jpeg\" \/>\n<meta name=\"twitter:card\" content=\"summary_large_image\" \/>\n<script type=\"application\/ld+json\" class=\"yoast-schema-graph\">{\"@context\":\"https:\/\/schema.org\",\"@graph\":[{\"@type\":\"WebPage\",\"@id\":\"https:\/\/christophedubois.fr\/formation\/index.php\/creation-dun-compte\/\",\"url\":\"https:\/\/christophedubois.fr\/formation\/index.php\/creation-dun-compte\/\",\"name\":\"Cr\u00e9ation d'un compte - Webformation.pro\",\"isPartOf\":{\"@id\":\"https:\/\/christophedubois.fr\/formation\/#website\"},\"datePublished\":\"2018-11-21T10:39:37+00:00\",\"breadcrumb\":{\"@id\":\"https:\/\/christophedubois.fr\/formation\/index.php\/creation-dun-compte\/#breadcrumb\"},\"inLanguage\":\"fr-FR\",\"potentialAction\":[{\"@type\":\"ReadAction\",\"target\":[\"https:\/\/christophedubois.fr\/formation\/index.php\/creation-dun-compte\/\"]}]},{\"@type\":\"BreadcrumbList\",\"@id\":\"https:\/\/christophedubois.fr\/formation\/index.php\/creation-dun-compte\/#breadcrumb\",\"itemListElement\":[{\"@type\":\"ListItem\",\"position\":1,\"name\":\"Accueil\",\"item\":\"https:\/\/christophedubois.fr\/formation\/\"},{\"@type\":\"ListItem\",\"position\":2,\"name\":\"Cr\u00e9ation d&rsquo;un compte\"}]},{\"@type\":\"WebSite\",\"@id\":\"https:\/\/christophedubois.fr\/formation\/#website\",\"url\":\"https:\/\/christophedubois.fr\/formation\/\",\"name\":\"Webformation.pro\",\"description\":\"La formation au Web pour les pros\",\"publisher\":{\"@id\":\"https:\/\/christophedubois.fr\/formation\/#organization\"},\"potentialAction\":[{\"@type\":\"SearchAction\",\"target\":{\"@type\":\"EntryPoint\",\"urlTemplate\":\"https:\/\/christophedubois.fr\/formation\/?s={search_term_string}\"},\"query-input\":{\"@type\":\"PropertyValueSpecification\",\"valueRequired\":true,\"valueName\":\"search_term_string\"}}],\"inLanguage\":\"fr-FR\"},{\"@type\":\"Organization\",\"@id\":\"https:\/\/christophedubois.fr\/formation\/#organization\",\"name\":\"webformation.pro\",\"url\":\"https:\/\/christophedubois.fr\/formation\/\",\"logo\":{\"@type\":\"ImageObject\",\"inLanguage\":\"fr-FR\",\"@id\":\"https:\/\/christophedubois.fr\/formation\/#\/schema\/logo\/image\/\",\"url\":\"https:\/\/christophedubois.fr\/formation\/wp-content\/uploads\/2022\/01\/entete-webformation-hautsdefrance4-scaled.jpg\",\"contentUrl\":\"https:\/\/christophedubois.fr\/formation\/wp-content\/uploads\/2022\/01\/entete-webformation-hautsdefrance4-scaled.jpg\",\"width\":2560,\"height\":537,\"caption\":\"webformation.pro\"},\"image\":{\"@id\":\"https:\/\/christophedubois.fr\/formation\/#\/schema\/logo\/image\/\"},\"sameAs\":[\"https:\/\/www.facebook.com\/christophe.dubois.webformation\",\"https:\/\/www.linkedin.com\/company\/webformation\/\"]}]}<\/script>\n<!-- \/ Yoast SEO plugin. -->","yoast_head_json":{"title":"Cr\u00e9ation d'un compte - Webformation.pro","robots":{"index":"index","follow":"follow","max-snippet":"max-snippet:-1","max-image-preview":"max-image-preview:large","max-video-preview":"max-video-preview:-1"},"canonical":"https:\/\/christophedubois.fr\/formation\/index.php\/creation-dun-compte\/","og_locale":"fr_FR","og_type":"article","og_title":"Cr\u00e9ation d'un compte - Webformation.pro","og_url":"https:\/\/christophedubois.fr\/formation\/index.php\/creation-dun-compte\/","og_site_name":"Webformation.pro","article_publisher":"https:\/\/www.facebook.com\/christophe.dubois.webformation","og_image":[{"width":497,"height":600,"url":"https:\/\/christophedubois.fr\/formation\/wp-content\/uploads\/2021\/04\/logo-carre-webformation-hautsdefrance.jpg","type":"image\/jpeg"}],"twitter_card":"summary_large_image","schema":{"@context":"https:\/\/schema.org","@graph":[{"@type":"WebPage","@id":"https:\/\/christophedubois.fr\/formation\/index.php\/creation-dun-compte\/","url":"https:\/\/christophedubois.fr\/formation\/index.php\/creation-dun-compte\/","name":"Cr\u00e9ation d'un compte - Webformation.pro","isPartOf":{"@id":"https:\/\/christophedubois.fr\/formation\/#website"},"datePublished":"2018-11-21T10:39:37+00:00","breadcrumb":{"@id":"https:\/\/christophedubois.fr\/formation\/index.php\/creation-dun-compte\/#breadcrumb"},"inLanguage":"fr-FR","potentialAction":[{"@type":"ReadAction","target":["https:\/\/christophedubois.fr\/formation\/index.php\/creation-dun-compte\/"]}]},{"@type":"BreadcrumbList","@id":"https:\/\/christophedubois.fr\/formation\/index.php\/creation-dun-compte\/#breadcrumb","itemListElement":[{"@type":"ListItem","position":1,"name":"Accueil","item":"https:\/\/christophedubois.fr\/formation\/"},{"@type":"ListItem","position":2,"name":"Cr\u00e9ation d&rsquo;un compte"}]},{"@type":"WebSite","@id":"https:\/\/christophedubois.fr\/formation\/#website","url":"https:\/\/christophedubois.fr\/formation\/","name":"Webformation.pro","description":"La formation au Web pour les pros","publisher":{"@id":"https:\/\/christophedubois.fr\/formation\/#organization"},"potentialAction":[{"@type":"SearchAction","target":{"@type":"EntryPoint","urlTemplate":"https:\/\/christophedubois.fr\/formation\/?s={search_term_string}"},"query-input":{"@type":"PropertyValueSpecification","valueRequired":true,"valueName":"search_term_string"}}],"inLanguage":"fr-FR"},{"@type":"Organization","@id":"https:\/\/christophedubois.fr\/formation\/#organization","name":"webformation.pro","url":"https:\/\/christophedubois.fr\/formation\/","logo":{"@type":"ImageObject","inLanguage":"fr-FR","@id":"https:\/\/christophedubois.fr\/formation\/#\/schema\/logo\/image\/","url":"https:\/\/christophedubois.fr\/formation\/wp-content\/uploads\/2022\/01\/entete-webformation-hautsdefrance4-scaled.jpg","contentUrl":"https:\/\/christophedubois.fr\/formation\/wp-content\/uploads\/2022\/01\/entete-webformation-hautsdefrance4-scaled.jpg","width":2560,"height":537,"caption":"webformation.pro"},"image":{"@id":"https:\/\/christophedubois.fr\/formation\/#\/schema\/logo\/image\/"},"sameAs":["https:\/\/www.facebook.com\/christophe.dubois.webformation","https:\/\/www.linkedin.com\/company\/webformation\/"]}]}},"_links":{"self":[{"href":"https:\/\/christophedubois.fr\/formation\/index.php\/wp-json\/wp\/v2\/pages\/61","targetHints":{"allow":["GET"]}}],"collection":[{"href":"https:\/\/christophedubois.fr\/formation\/index.php\/wp-json\/wp\/v2\/pages"}],"about":[{"href":"https:\/\/christophedubois.fr\/formation\/index.php\/wp-json\/wp\/v2\/types\/page"}],"author":[{"embeddable":true,"href":"https:\/\/christophedubois.fr\/formation\/index.php\/wp-json\/wp\/v2\/users\/1"}],"replies":[{"embeddable":true,"href":"https:\/\/christophedubois.fr\/formation\/index.php\/wp-json\/wp\/v2\/comments?post=61"}],"version-history":[{"count":2,"href":"https:\/\/christophedubois.fr\/formation\/index.php\/wp-json\/wp\/v2\/pages\/61\/revisions"}],"predecessor-version":[{"id":583,"href":"https:\/\/christophedubois.fr\/formation\/index.php\/wp-json\/wp\/v2\/pages\/61\/revisions\/583"}],"wp:attachment":[{"href":"https:\/\/christophedubois.fr\/formation\/index.php\/wp-json\/wp\/v2\/media?parent=61"}],"curies":[{"name":"wp","href":"https:\/\/api.w.org\/{rel}","templated":true}]}}