{"id":430,"date":"2021-03-22T14:21:09","date_gmt":"2021-03-22T13:21:09","guid":{"rendered":"http:\/\/christophedubois.fr\/formation\/?page_id=430"},"modified":"2021-04-17T14:56:57","modified_gmt":"2021-04-17T12:56:57","slug":"tutoriels","status":"publish","type":"page","link":"https:\/\/christophedubois.fr\/formation\/index.php\/tutoriels\/","title":{"rendered":"Tutoriels"},"content":{"rendered":"\n<p><\/p>\n\n\n\n<div class=\"wp-block-media-text alignwide is-stacked-on-mobile\" style=\"grid-template-columns:32% auto\"><figure class=\"wp-block-media-text__media\"><img fetchpriority=\"high\" decoding=\"async\" width=\"908\" height=\"407\" src=\"https:\/\/christophedubois.fr\/formation\/wp-content\/uploads\/2021\/04\/google-ovh.gif\" alt=\"\" class=\"wp-image-866 size-full\"\/><\/figure><div class=\"wp-block-media-text__content\">\n<p class=\"has-large-font-size\"><a href=\"https:\/\/christophedubois.fr\/formation\/index.php\/votre-business-sur-le-web\">Faites entrer votre business sur le Web avec Google et OVH<\/a><\/p>\n<\/div><\/div>\n\n\n\n<p><\/p>\n\n\n\n<div class=\"wp-block-media-text alignwide is-stacked-on-mobile\" style=\"grid-template-columns:15% auto\"><figure class=\"wp-block-media-text__media\"><a href=\"https:\/\/christophedubois.fr\/formation\/index.php\/votre-site-vitrine-avec-wordpress\/\"><img decoding=\"async\" width=\"300\" height=\"186\" src=\"https:\/\/christophedubois.fr\/formation\/wp-content\/uploads\/2021\/03\/wordpress-logo-300x186.png\" alt=\"\" class=\"wp-image-629 size-medium\" srcset=\"https:\/\/christophedubois.fr\/formation\/wp-content\/uploads\/2021\/03\/wordpress-logo-300x186.png 300w, https:\/\/christophedubois.fr\/formation\/wp-content\/uploads\/2021\/03\/wordpress-logo.png 499w\" sizes=\"(max-width: 300px) 100vw, 300px\" \/><\/a><\/figure><div class=\"wp-block-media-text__content\">\n<p class=\"has-large-font-size\"><a href=\"https:\/\/christophedubois.fr\/formation\/index.php\/votre-site-vitrine-avec-wordpress\/\">Cr\u00e9er votre site vitrine avec WordPress<\/a><\/p>\n<\/div><\/div>\n\n\n\n<p><\/p>\n\n\n\n<div class=\"wp-block-media-text alignwide is-stacked-on-mobile\" style=\"grid-template-columns:15% auto\"><figure class=\"wp-block-media-text__media\"><a href=\"https:\/\/christophedubois.fr\/formation\/index.php\/votre-site-marchand-avec-prestashop\/\"><img decoding=\"async\" width=\"300\" height=\"251\" src=\"https:\/\/christophedubois.fr\/formation\/wp-content\/uploads\/2021\/04\/Prestashop-logo-300x251.png\" alt=\"\" class=\"wp-image-817 size-medium\" srcset=\"https:\/\/christophedubois.fr\/formation\/wp-content\/uploads\/2021\/04\/Prestashop-logo-300x251.png 300w, https:\/\/christophedubois.fr\/formation\/wp-content\/uploads\/2021\/04\/Prestashop-logo.png 494w\" sizes=\"(max-width: 300px) 100vw, 300px\" \/><\/a><\/figure><div class=\"wp-block-media-text__content\">\n<p class=\"has-large-font-size\"><a href=\"https:\/\/christophedubois.fr\/formation\/index.php\/votre-site-marchand-avec-prestashop\/\">Cr\u00e9er votre site marchand avec Prestashop<\/a><\/p>\n<\/div><\/div>\n\n\n\n<p><\/p>\n\n\n\n<div class=\"wp-block-media-text alignwide is-stacked-on-mobile\" style=\"grid-template-columns:15% auto\"><figure class=\"wp-block-media-text__media\"><a href=\"https:\/\/christophedubois.fr\/formation\/index.php\/presentation-de-microcaisse\/\"><img loading=\"lazy\" decoding=\"async\" width=\"638\" height=\"434\" src=\"https:\/\/christophedubois.fr\/formation\/wp-content\/uploads\/2021\/04\/micro-caisse2.png\" alt=\"\" class=\"wp-image-818 size-full\" srcset=\"https:\/\/christophedubois.fr\/formation\/wp-content\/uploads\/2021\/04\/micro-caisse2.png 638w, https:\/\/christophedubois.fr\/formation\/wp-content\/uploads\/2021\/04\/micro-caisse2-300x204.png 300w\" sizes=\"(max-width: 638px) 100vw, 638px\" \/><\/a><\/figure><div class=\"wp-block-media-text__content\">\n<p class=\"has-large-font-size\"><a href=\"https:\/\/christophedubois.fr\/formation\/index.php\/presentation-de-microcaisse\/\">G\u00e9rer votre activit\u00e9 avec Microcaisse<\/a><\/p>\n<\/div><\/div>\n\n\n\n<p><\/p>\n\n\n\n<div class=\"wp-block-media-text alignwide is-stacked-on-mobile\" style=\"grid-template-columns:28% auto\"><figure class=\"wp-block-media-text__media\"><a href=\"https:\/\/christophedubois.fr\/formation\/index.php\/category\/gites-et-chambres-dhotes\"><img loading=\"lazy\" decoding=\"async\" width=\"771\" height=\"227\" src=\"https:\/\/christophedubois.fr\/formation\/wp-content\/uploads\/2021\/04\/plateformes-location.gif\" alt=\"\" class=\"wp-image-864 size-full\"\/><\/a><\/figure><div class=\"wp-block-media-text__content\">\n<p class=\"has-large-font-size\"><a href=\"https:\/\/christophedubois.fr\/formation\/index.php\/category\/gites-et-chambres-dhotes\">G\u00e9rer votre g\u00eete ou chambre d&rsquo;h\u00f4te<\/a><\/p>\n<\/div><\/div>\n\n\n\n<p><\/p>\n","protected":false},"excerpt":{"rendered":"<p>Faites entrer votre business sur le Web avec Google et OVH Cr\u00e9er votre site vitrine avec WordPress Cr\u00e9er votre site marchand avec Prestashop G\u00e9rer votre&hellip;<\/p>\n","protected":false},"author":1,"featured_media":0,"parent":0,"menu_order":0,"comment_status":"closed","ping_status":"closed","template":"","meta":{"cybocfi_hide_featured_image":"","footnotes":""},"class_list":["post-430","page","type-page","status-publish","hentry"],"yoast_head":"<!-- This site is optimized with the Yoast SEO plugin v26.2 - https:\/\/yoast.com\/wordpress\/plugins\/seo\/ -->\n<title>Tutoriels - Webformation.pro<\/title>\n<meta name=\"robots\" content=\"index, follow, max-snippet:-1, max-image-preview:large, max-video-preview:-1\" \/>\n<link rel=\"canonical\" href=\"https:\/\/christophedubois.fr\/formation\/index.php\/tutoriels\/\" \/>\n<meta property=\"og:locale\" content=\"fr_FR\" \/>\n<meta property=\"og:type\" content=\"article\" \/>\n<meta property=\"og:title\" content=\"Tutoriels - Webformation.pro\" \/>\n<meta property=\"og:description\" content=\"Faites entrer votre business sur le Web avec Google et OVH Cr\u00e9er votre site vitrine avec WordPress Cr\u00e9er votre site marchand avec Prestashop G\u00e9rer votre&hellip;\" \/>\n<meta property=\"og:url\" content=\"https:\/\/christophedubois.fr\/formation\/index.php\/tutoriels\/\" \/>\n<meta property=\"og:site_name\" content=\"Webformation.pro\" \/>\n<meta property=\"article:publisher\" content=\"https:\/\/www.facebook.com\/christophe.dubois.webformation\" \/>\n<meta property=\"article:modified_time\" content=\"2021-04-17T12:56:57+00:00\" \/>\n<meta property=\"og:image\" content=\"https:\/\/christophedubois.fr\/formation\/wp-content\/uploads\/2021\/04\/google-ovh.gif\" \/>\n<meta name=\"twitter:card\" content=\"summary_large_image\" \/>\n<script type=\"application\/ld+json\" class=\"yoast-schema-graph\">{\"@context\":\"https:\/\/schema.org\",\"@graph\":[{\"@type\":\"WebPage\",\"@id\":\"https:\/\/christophedubois.fr\/formation\/index.php\/tutoriels\/\",\"url\":\"https:\/\/christophedubois.fr\/formation\/index.php\/tutoriels\/\",\"name\":\"Tutoriels - Webformation.pro\",\"isPartOf\":{\"@id\":\"https:\/\/christophedubois.fr\/formation\/#website\"},\"primaryImageOfPage\":{\"@id\":\"https:\/\/christophedubois.fr\/formation\/index.php\/tutoriels\/#primaryimage\"},\"image\":{\"@id\":\"https:\/\/christophedubois.fr\/formation\/index.php\/tutoriels\/#primaryimage\"},\"thumbnailUrl\":\"https:\/\/christophedubois.fr\/formation\/wp-content\/uploads\/2021\/04\/google-ovh.gif\",\"datePublished\":\"2021-03-22T13:21:09+00:00\",\"dateModified\":\"2021-04-17T12:56:57+00:00\",\"breadcrumb\":{\"@id\":\"https:\/\/christophedubois.fr\/formation\/index.php\/tutoriels\/#breadcrumb\"},\"inLanguage\":\"fr-FR\",\"potentialAction\":[{\"@type\":\"ReadAction\",\"target\":[\"https:\/\/christophedubois.fr\/formation\/index.php\/tutoriels\/\"]}]},{\"@type\":\"ImageObject\",\"inLanguage\":\"fr-FR\",\"@id\":\"https:\/\/christophedubois.fr\/formation\/index.php\/tutoriels\/#primaryimage\",\"url\":\"https:\/\/christophedubois.fr\/formation\/wp-content\/uploads\/2021\/04\/google-ovh.gif\",\"contentUrl\":\"https:\/\/christophedubois.fr\/formation\/wp-content\/uploads\/2021\/04\/google-ovh.gif\",\"width\":908,\"height\":407},{\"@type\":\"BreadcrumbList\",\"@id\":\"https:\/\/christophedubois.fr\/formation\/index.php\/tutoriels\/#breadcrumb\",\"itemListElement\":[{\"@type\":\"ListItem\",\"position\":1,\"name\":\"Accueil\",\"item\":\"https:\/\/christophedubois.fr\/formation\/\"},{\"@type\":\"ListItem\",\"position\":2,\"name\":\"Tutoriels\"}]},{\"@type\":\"WebSite\",\"@id\":\"https:\/\/christophedubois.fr\/formation\/#website\",\"url\":\"https:\/\/christophedubois.fr\/formation\/\",\"name\":\"Webformation.pro\",\"description\":\"La formation au Web pour les pros\",\"publisher\":{\"@id\":\"https:\/\/christophedubois.fr\/formation\/#organization\"},\"potentialAction\":[{\"@type\":\"SearchAction\",\"target\":{\"@type\":\"EntryPoint\",\"urlTemplate\":\"https:\/\/christophedubois.fr\/formation\/?s={search_term_string}\"},\"query-input\":{\"@type\":\"PropertyValueSpecification\",\"valueRequired\":true,\"valueName\":\"search_term_string\"}}],\"inLanguage\":\"fr-FR\"},{\"@type\":\"Organization\",\"@id\":\"https:\/\/christophedubois.fr\/formation\/#organization\",\"name\":\"webformation.pro\",\"url\":\"https:\/\/christophedubois.fr\/formation\/\",\"logo\":{\"@type\":\"ImageObject\",\"inLanguage\":\"fr-FR\",\"@id\":\"https:\/\/christophedubois.fr\/formation\/#\/schema\/logo\/image\/\",\"url\":\"https:\/\/christophedubois.fr\/formation\/wp-content\/uploads\/2022\/01\/entete-webformation-hautsdefrance4-scaled.jpg\",\"contentUrl\":\"https:\/\/christophedubois.fr\/formation\/wp-content\/uploads\/2022\/01\/entete-webformation-hautsdefrance4-scaled.jpg\",\"width\":2560,\"height\":537,\"caption\":\"webformation.pro\"},\"image\":{\"@id\":\"https:\/\/christophedubois.fr\/formation\/#\/schema\/logo\/image\/\"},\"sameAs\":[\"https:\/\/www.facebook.com\/christophe.dubois.webformation\",\"https:\/\/www.linkedin.com\/company\/webformation\/\"]}]}<\/script>\n<!-- \/ Yoast SEO plugin. -->","yoast_head_json":{"title":"Tutoriels - Webformation.pro","robots":{"index":"index","follow":"follow","max-snippet":"max-snippet:-1","max-image-preview":"max-image-preview:large","max-video-preview":"max-video-preview:-1"},"canonical":"https:\/\/christophedubois.fr\/formation\/index.php\/tutoriels\/","og_locale":"fr_FR","og_type":"article","og_title":"Tutoriels - Webformation.pro","og_description":"Faites entrer votre business sur le Web avec Google et OVH Cr\u00e9er votre site vitrine avec WordPress Cr\u00e9er votre site marchand avec Prestashop G\u00e9rer votre&hellip;","og_url":"https:\/\/christophedubois.fr\/formation\/index.php\/tutoriels\/","og_site_name":"Webformation.pro","article_publisher":"https:\/\/www.facebook.com\/christophe.dubois.webformation","article_modified_time":"2021-04-17T12:56:57+00:00","og_image":[{"url":"https:\/\/christophedubois.fr\/formation\/wp-content\/uploads\/2021\/04\/google-ovh.gif","type":"","width":"","height":""}],"twitter_card":"summary_large_image","schema":{"@context":"https:\/\/schema.org","@graph":[{"@type":"WebPage","@id":"https:\/\/christophedubois.fr\/formation\/index.php\/tutoriels\/","url":"https:\/\/christophedubois.fr\/formation\/index.php\/tutoriels\/","name":"Tutoriels - Webformation.pro","isPartOf":{"@id":"https:\/\/christophedubois.fr\/formation\/#website"},"primaryImageOfPage":{"@id":"https:\/\/christophedubois.fr\/formation\/index.php\/tutoriels\/#primaryimage"},"image":{"@id":"https:\/\/christophedubois.fr\/formation\/index.php\/tutoriels\/#primaryimage"},"thumbnailUrl":"https:\/\/christophedubois.fr\/formation\/wp-content\/uploads\/2021\/04\/google-ovh.gif","datePublished":"2021-03-22T13:21:09+00:00","dateModified":"2021-04-17T12:56:57+00:00","breadcrumb":{"@id":"https:\/\/christophedubois.fr\/formation\/index.php\/tutoriels\/#breadcrumb"},"inLanguage":"fr-FR","potentialAction":[{"@type":"ReadAction","target":["https:\/\/christophedubois.fr\/formation\/index.php\/tutoriels\/"]}]},{"@type":"ImageObject","inLanguage":"fr-FR","@id":"https:\/\/christophedubois.fr\/formation\/index.php\/tutoriels\/#primaryimage","url":"https:\/\/christophedubois.fr\/formation\/wp-content\/uploads\/2021\/04\/google-ovh.gif","contentUrl":"https:\/\/christophedubois.fr\/formation\/wp-content\/uploads\/2021\/04\/google-ovh.gif","width":908,"height":407},{"@type":"BreadcrumbList","@id":"https:\/\/christophedubois.fr\/formation\/index.php\/tutoriels\/#breadcrumb","itemListElement":[{"@type":"ListItem","position":1,"name":"Accueil","item":"https:\/\/christophedubois.fr\/formation\/"},{"@type":"ListItem","position":2,"name":"Tutoriels"}]},{"@type":"WebSite","@id":"https:\/\/christophedubois.fr\/formation\/#website","url":"https:\/\/christophedubois.fr\/formation\/","name":"Webformation.pro","description":"La formation au Web pour les pros","publisher":{"@id":"https:\/\/christophedubois.fr\/formation\/#organization"},"potentialAction":[{"@type":"SearchAction","target":{"@type":"EntryPoint","urlTemplate":"https:\/\/christophedubois.fr\/formation\/?s={search_term_string}"},"query-input":{"@type":"PropertyValueSpecification","valueRequired":true,"valueName":"search_term_string"}}],"inLanguage":"fr-FR"},{"@type":"Organization","@id":"https:\/\/christophedubois.fr\/formation\/#organization","name":"webformation.pro","url":"https:\/\/christophedubois.fr\/formation\/","logo":{"@type":"ImageObject","inLanguage":"fr-FR","@id":"https:\/\/christophedubois.fr\/formation\/#\/schema\/logo\/image\/","url":"https:\/\/christophedubois.fr\/formation\/wp-content\/uploads\/2022\/01\/entete-webformation-hautsdefrance4-scaled.jpg","contentUrl":"https:\/\/christophedubois.fr\/formation\/wp-content\/uploads\/2022\/01\/entete-webformation-hautsdefrance4-scaled.jpg","width":2560,"height":537,"caption":"webformation.pro"},"image":{"@id":"https:\/\/christophedubois.fr\/formation\/#\/schema\/logo\/image\/"},"sameAs":["https:\/\/www.facebook.com\/christophe.dubois.webformation","https:\/\/www.linkedin.com\/company\/webformation\/"]}]}},"_links":{"self":[{"href":"https:\/\/christophedubois.fr\/formation\/index.php\/wp-json\/wp\/v2\/pages\/430","targetHints":{"allow":["GET"]}}],"collection":[{"href":"https:\/\/christophedubois.fr\/formation\/index.php\/wp-json\/wp\/v2\/pages"}],"about":[{"href":"https:\/\/christophedubois.fr\/formation\/index.php\/wp-json\/wp\/v2\/types\/page"}],"author":[{"embeddable":true,"href":"https:\/\/christophedubois.fr\/formation\/index.php\/wp-json\/wp\/v2\/users\/1"}],"replies":[{"embeddable":true,"href":"https:\/\/christophedubois.fr\/formation\/index.php\/wp-json\/wp\/v2\/comments?post=430"}],"version-history":[{"count":17,"href":"https:\/\/christophedubois.fr\/formation\/index.php\/wp-json\/wp\/v2\/pages\/430\/revisions"}],"predecessor-version":[{"id":1050,"href":"https:\/\/christophedubois.fr\/formation\/index.php\/wp-json\/wp\/v2\/pages\/430\/revisions\/1050"}],"wp:attachment":[{"href":"https:\/\/christophedubois.fr\/formation\/index.php\/wp-json\/wp\/v2\/media?parent=430"}],"curies":[{"name":"wp","href":"https:\/\/api.w.org\/{rel}","templated":true}]}}