{"id":15,"date":"2018-11-20T14:57:20","date_gmt":"2018-11-20T13:57:20","guid":{"rendered":"http:\/\/christophedubois.fr\/formation\/?page_id=15"},"modified":"2022-01-16T13:50:05","modified_gmt":"2022-01-16T12:50:05","slug":"webformation-pro","status":"publish","type":"page","link":"https:\/\/christophedubois.fr\/formation\/","title":{"rendered":"Accueil"},"content":{"rendered":"\n<div class=\"wp-block-group\"><div class=\"wp-block-group__inner-container is-layout-flow wp-block-group-is-layout-flow\"><\/div><\/div>\n\n\n\n<div class=\"container-wrapper-genially\" style=\"position: relative; min-height: 400px; max-width: 100%;\">\n<div id=\"605b2ece67e7c30d8aa7d13a\" class=\"genially-embed\" style=\"margin: 0px auto; position: relative; height: auto; width: 100%;\">&nbsp;<\/div>\n<\/div>\n\n\n\n<div class=\"wp-block-columns alignwide are-vertically-aligned-center is-layout-flex wp-container-core-columns-is-layout-9d6595d7 wp-block-columns-is-layout-flex\">\n<div class=\"wp-block-column is-layout-flow wp-block-column-is-layout-flow\" style=\"flex-basis:85%\">\n<div class=\"wp-block-columns is-layout-flex wp-container-core-columns-is-layout-9d6595d7 wp-block-columns-is-layout-flex\">\n<div class=\"wp-block-column is-layout-flow wp-block-column-is-layout-flow\" style=\"flex-basis:100%\">\n<div class=\"wp-block-group\"><div class=\"wp-block-group__inner-container is-layout-flow wp-block-group-is-layout-flow\">\n<p><br><br>La digitalisation des entreprises et des collectivit\u00e9s est devenue incontournable, ainsi le courrier est&nbsp; remplac\u00e9 ou compl\u00e9t\u00e9 par l\u2019e-mail, les formulaires papier se t\u00e9l\u00e9chargent en ligne, les points de vente physiques sont compl\u00e9t\u00e9s par une pr\u00e9sence sur le WEB.<br><br>Beaucoup de petites structures se lancent aujourd&rsquo;hui dans cette transformation, car le changement de comportement des consommateurs et des usagers, notamment avec la g\u00e9n\u00e9ralisation des smartphones,  rend indispensable une pr\u00e9sence \u00ab\u00a0num\u00e9rique\u00a0\u00bb. Ne pas faire cette transformation, c&rsquo; est prendre le risque de perdre progressivement de l&rsquo;activit\u00e9 et ou de provoquer l&rsquo;insatisfaction de ses clients ou des usagers.<\/p>\n\n\n\n<p>Num\u00e9riser sa structure est un  processus qui n\u00e9cessite l&rsquo;acquisition de nouvelles comp\u00e9tences en se formant aux outils num\u00e9riques indispensables en commen\u00e7ant par ceux qui permettent le d\u00e9veloppement d&rsquo;un site Internet .<br><br> Apprendre \u00e0 faire par soit m\u00eame est \u00e9galement \u00e9conomique : le budget pour h\u00e9berger un site internet est par exemple de 3 \u00e0 6 euros hors taxe par mois. On est bien loin des centaines d&rsquo;euros par mois que demande certains prestataires pour g\u00e9rer votre site Internet.<\/p>\n\n\n\n<p>L&rsquo;Investissement dans la formation est donc strat\u00e9gique : il permet de d\u00e9velopper les comp\u00e9tences au sein de votre structure qui seront ensuite une source d&rsquo;\u00e9conomie et d&rsquo;autonomie.<\/p>\n\n\n\n<p>Professionnel de la formation au num\u00e9rique, labellis\u00e9 <a rel=\"noreferrer noopener\" href=\"https:\/\/www.francenum.gouv.fr\/trouver-un-accompagnement\/webformation\" target=\"_blank\">activateur France num<\/a>, je r\u00e9alise des formations sur mesure r\u00e9pondant aux besoins particuliers de chaque structure. Apr\u00e8s un premier entretien, je vous proposerai gratuitement un devis. Celui-ci vous permettra de conna\u00eetre le budget formation qui correspond \u00e0 votre projet de num\u00e9risation. Au plaisir de vous rencontrer pour vous aider \u00e0 r\u00e9aliser votre projet.<\/p>\n\n\n<\/div><\/div>\n<\/div>\n<\/div>\n\n\n\n<div class=\"wp-block-media-text alignwide has-media-on-the-right is-stacked-on-mobile\" style=\"grid-template-columns:auto 38%\"><figure class=\"wp-block-media-text__media\"><a href=\"https:\/\/www.christophedubois.fr\/cv\/\" target=\"_blank\" rel=\"noopener\"><img fetchpriority=\"high\" decoding=\"async\" width=\"476\" height=\"201\" src=\"https:\/\/christophedubois.fr\/formation\/wp-content\/uploads\/2021\/10\/activateur-1.png\" alt=\"\" class=\"wp-image-1116 size-full\" srcset=\"https:\/\/christophedubois.fr\/formation\/wp-content\/uploads\/2021\/10\/activateur-1.png 476w, https:\/\/christophedubois.fr\/formation\/wp-content\/uploads\/2021\/10\/activateur-1-300x127.png 300w\" sizes=\"(max-width: 476px) 100vw, 476px\" \/><\/a><\/figure><div class=\"wp-block-media-text__content\">\n<p class=\"has-text-align-right\" style=\"font-size:25px\">Christophe Dubois<\/p>\n<\/div><\/div>\n<\/div>\n<\/div>\n\n\n\n<p><\/p>\n\n\n\n<p><script>(function (d) { var js, id = \"genially-embed-js\", ref = d.getElementsByTagName(\"script\")[0]; if (d.getElementById(id)) { return; } js = d.createElement(\"script\"); js.id = id; js.async = true; js.src = \"https:\/\/view.genial.ly\/static\/embed\/embed.js\"; ref.parentNode.insertBefore(js, ref); }(document));<\/script><\/p>\n","protected":false},"excerpt":{"rendered":"<p>&nbsp; La digitalisation des entreprises et des collectivit\u00e9s est devenue incontournable, ainsi le courrier est&nbsp; remplac\u00e9 ou compl\u00e9t\u00e9 par l\u2019e-mail, les formulaires papier se t\u00e9l\u00e9chargent&hellip;<\/p>\n","protected":false},"author":1,"featured_media":0,"parent":0,"menu_order":0,"comment_status":"closed","ping_status":"closed","template":"","meta":{"cybocfi_hide_featured_image":"","footnotes":""},"class_list":["post-15","page","type-page","status-publish","hentry"],"yoast_head":"<!-- This site is optimized with the Yoast SEO plugin v26.2 - https:\/\/yoast.com\/wordpress\/plugins\/seo\/ -->\n<title>Accueil - Webformation.pro<\/title>\n<meta name=\"description\" content=\"Webformation.pro est un organisme de formation sp\u00e9cialis\u00e9 dans la communication num\u00e9rique pour les Collectivit\u00e9s et les professionnels. Apprendre \u00e0 cr\u00e9er et g\u00e9rer son site Internet sont des comp\u00e9tences qu&#039;il est indispensable de d\u00e9velopper en interne. Je vous propose des formations sur mesure qui seront adapt\u00e9es \u00e0 vos besoins. Que vous partiez de z\u00e9ro ou que vous ayez simplement besoin de d\u00e9velopper l&#039;utilisation de votre site web, un devis gratuit vous permettra de savoir quel budget formation vous permettrait d&#039;atteindre vos objectifs.\" \/>\n<meta name=\"robots\" content=\"index, follow, max-snippet:-1, max-image-preview:large, max-video-preview:-1\" \/>\n<link rel=\"canonical\" href=\"https:\/\/christophedubois.fr\/formation\/\" \/>\n<meta property=\"og:locale\" content=\"fr_FR\" \/>\n<meta property=\"og:type\" content=\"article\" \/>\n<meta property=\"og:title\" content=\"Accueil - Webformation.pro\" \/>\n<meta property=\"og:description\" content=\"Webformation.pro est un organisme de formation sp\u00e9cialis\u00e9 dans la communication num\u00e9rique pour les Collectivit\u00e9s et les professionnels. Apprendre \u00e0 cr\u00e9er et g\u00e9rer son site Internet sont des comp\u00e9tences qu&#039;il est indispensable de d\u00e9velopper en interne. Je vous propose des formations sur mesure qui seront adapt\u00e9es \u00e0 vos besoins. Que vous partiez de z\u00e9ro ou que vous ayez simplement besoin de d\u00e9velopper l&#039;utilisation de votre site web, un devis gratuit vous permettra de savoir quel budget formation vous permettrait d&#039;atteindre vos objectifs.\" \/>\n<meta property=\"og:url\" content=\"https:\/\/christophedubois.fr\/formation\/\" \/>\n<meta property=\"og:site_name\" content=\"Webformation.pro\" \/>\n<meta property=\"article:publisher\" content=\"https:\/\/www.facebook.com\/christophe.dubois.webformation\" \/>\n<meta property=\"article:modified_time\" content=\"2022-01-16T12:50:05+00:00\" \/>\n<meta property=\"og:image\" content=\"https:\/\/christophedubois.fr\/formation\/wp-content\/uploads\/2021\/04\/logo-carre-webformation-hautsdefrance.jpg\" \/>\n\t<meta property=\"og:image:width\" content=\"497\" \/>\n\t<meta property=\"og:image:height\" content=\"600\" \/>\n\t<meta property=\"og:image:type\" content=\"image\/jpeg\" \/>\n<meta name=\"twitter:card\" content=\"summary_large_image\" \/>\n<meta name=\"twitter:label1\" content=\"Dur\u00e9e de lecture estim\u00e9e\" \/>\n\t<meta name=\"twitter:data1\" content=\"2 minutes\" \/>\n<script type=\"application\/ld+json\" class=\"yoast-schema-graph\">{\"@context\":\"https:\/\/schema.org\",\"@graph\":[{\"@type\":\"WebPage\",\"@id\":\"https:\/\/christophedubois.fr\/formation\/\",\"url\":\"https:\/\/christophedubois.fr\/formation\/\",\"name\":\"Accueil - Webformation.pro\",\"isPartOf\":{\"@id\":\"https:\/\/christophedubois.fr\/formation\/#website\"},\"datePublished\":\"2018-11-20T13:57:20+00:00\",\"dateModified\":\"2022-01-16T12:50:05+00:00\",\"description\":\"Webformation.pro est un organisme de formation sp\u00e9cialis\u00e9 dans la communication num\u00e9rique pour les Collectivit\u00e9s et les professionnels. Apprendre \u00e0 cr\u00e9er et g\u00e9rer son site Internet sont des comp\u00e9tences qu'il est indispensable de d\u00e9velopper en interne. Je vous propose des formations sur mesure qui seront adapt\u00e9es \u00e0 vos besoins. Que vous partiez de z\u00e9ro ou que vous ayez simplement besoin de d\u00e9velopper l'utilisation de votre site web, un devis gratuit vous permettra de savoir quel budget formation vous permettrait d'atteindre vos objectifs.\",\"breadcrumb\":{\"@id\":\"https:\/\/christophedubois.fr\/formation\/#breadcrumb\"},\"inLanguage\":\"fr-FR\",\"potentialAction\":[{\"@type\":\"ReadAction\",\"target\":[\"https:\/\/christophedubois.fr\/formation\/\"]}]},{\"@type\":\"BreadcrumbList\",\"@id\":\"https:\/\/christophedubois.fr\/formation\/#breadcrumb\",\"itemListElement\":[{\"@type\":\"ListItem\",\"position\":1,\"name\":\"Accueil\",\"item\":\"https:\/\/christophedubois.fr\/formation\/\"},{\"@type\":\"ListItem\",\"position\":2,\"name\":\"Accueil\"}]},{\"@type\":\"WebSite\",\"@id\":\"https:\/\/christophedubois.fr\/formation\/#website\",\"url\":\"https:\/\/christophedubois.fr\/formation\/\",\"name\":\"Webformation.pro\",\"description\":\"La formation au Web pour les pros\",\"publisher\":{\"@id\":\"https:\/\/christophedubois.fr\/formation\/#organization\"},\"potentialAction\":[{\"@type\":\"SearchAction\",\"target\":{\"@type\":\"EntryPoint\",\"urlTemplate\":\"https:\/\/christophedubois.fr\/formation\/?s={search_term_string}\"},\"query-input\":{\"@type\":\"PropertyValueSpecification\",\"valueRequired\":true,\"valueName\":\"search_term_string\"}}],\"inLanguage\":\"fr-FR\"},{\"@type\":\"Organization\",\"@id\":\"https:\/\/christophedubois.fr\/formation\/#organization\",\"name\":\"webformation.pro\",\"url\":\"https:\/\/christophedubois.fr\/formation\/\",\"logo\":{\"@type\":\"ImageObject\",\"inLanguage\":\"fr-FR\",\"@id\":\"https:\/\/christophedubois.fr\/formation\/#\/schema\/logo\/image\/\",\"url\":\"https:\/\/christophedubois.fr\/formation\/wp-content\/uploads\/2022\/01\/entete-webformation-hautsdefrance4-scaled.jpg\",\"contentUrl\":\"https:\/\/christophedubois.fr\/formation\/wp-content\/uploads\/2022\/01\/entete-webformation-hautsdefrance4-scaled.jpg\",\"width\":2560,\"height\":537,\"caption\":\"webformation.pro\"},\"image\":{\"@id\":\"https:\/\/christophedubois.fr\/formation\/#\/schema\/logo\/image\/\"},\"sameAs\":[\"https:\/\/www.facebook.com\/christophe.dubois.webformation\",\"https:\/\/www.linkedin.com\/company\/webformation\/\"]}]}<\/script>\n<!-- \/ Yoast SEO plugin. -->","yoast_head_json":{"title":"Accueil - Webformation.pro","description":"Webformation.pro est un organisme de formation sp\u00e9cialis\u00e9 dans la communication num\u00e9rique pour les Collectivit\u00e9s et les professionnels. Apprendre \u00e0 cr\u00e9er et g\u00e9rer son site Internet sont des comp\u00e9tences qu'il est indispensable de d\u00e9velopper en interne. Je vous propose des formations sur mesure qui seront adapt\u00e9es \u00e0 vos besoins. Que vous partiez de z\u00e9ro ou que vous ayez simplement besoin de d\u00e9velopper l'utilisation de votre site web, un devis gratuit vous permettra de savoir quel budget formation vous permettrait d'atteindre vos objectifs.","robots":{"index":"index","follow":"follow","max-snippet":"max-snippet:-1","max-image-preview":"max-image-preview:large","max-video-preview":"max-video-preview:-1"},"canonical":"https:\/\/christophedubois.fr\/formation\/","og_locale":"fr_FR","og_type":"article","og_title":"Accueil - Webformation.pro","og_description":"Webformation.pro est un organisme de formation sp\u00e9cialis\u00e9 dans la communication num\u00e9rique pour les Collectivit\u00e9s et les professionnels. Apprendre \u00e0 cr\u00e9er et g\u00e9rer son site Internet sont des comp\u00e9tences qu'il est indispensable de d\u00e9velopper en interne. Je vous propose des formations sur mesure qui seront adapt\u00e9es \u00e0 vos besoins. Que vous partiez de z\u00e9ro ou que vous ayez simplement besoin de d\u00e9velopper l'utilisation de votre site web, un devis gratuit vous permettra de savoir quel budget formation vous permettrait d'atteindre vos objectifs.","og_url":"https:\/\/christophedubois.fr\/formation\/","og_site_name":"Webformation.pro","article_publisher":"https:\/\/www.facebook.com\/christophe.dubois.webformation","article_modified_time":"2022-01-16T12:50:05+00:00","og_image":[{"width":497,"height":600,"url":"https:\/\/christophedubois.fr\/formation\/wp-content\/uploads\/2021\/04\/logo-carre-webformation-hautsdefrance.jpg","type":"image\/jpeg"}],"twitter_card":"summary_large_image","twitter_misc":{"Dur\u00e9e de lecture estim\u00e9e":"2 minutes"},"schema":{"@context":"https:\/\/schema.org","@graph":[{"@type":"WebPage","@id":"https:\/\/christophedubois.fr\/formation\/","url":"https:\/\/christophedubois.fr\/formation\/","name":"Accueil - Webformation.pro","isPartOf":{"@id":"https:\/\/christophedubois.fr\/formation\/#website"},"datePublished":"2018-11-20T13:57:20+00:00","dateModified":"2022-01-16T12:50:05+00:00","description":"Webformation.pro est un organisme de formation sp\u00e9cialis\u00e9 dans la communication num\u00e9rique pour les Collectivit\u00e9s et les professionnels. Apprendre \u00e0 cr\u00e9er et g\u00e9rer son site Internet sont des comp\u00e9tences qu'il est indispensable de d\u00e9velopper en interne. Je vous propose des formations sur mesure qui seront adapt\u00e9es \u00e0 vos besoins. Que vous partiez de z\u00e9ro ou que vous ayez simplement besoin de d\u00e9velopper l'utilisation de votre site web, un devis gratuit vous permettra de savoir quel budget formation vous permettrait d'atteindre vos objectifs.","breadcrumb":{"@id":"https:\/\/christophedubois.fr\/formation\/#breadcrumb"},"inLanguage":"fr-FR","potentialAction":[{"@type":"ReadAction","target":["https:\/\/christophedubois.fr\/formation\/"]}]},{"@type":"BreadcrumbList","@id":"https:\/\/christophedubois.fr\/formation\/#breadcrumb","itemListElement":[{"@type":"ListItem","position":1,"name":"Accueil","item":"https:\/\/christophedubois.fr\/formation\/"},{"@type":"ListItem","position":2,"name":"Accueil"}]},{"@type":"WebSite","@id":"https:\/\/christophedubois.fr\/formation\/#website","url":"https:\/\/christophedubois.fr\/formation\/","name":"Webformation.pro","description":"La formation au Web pour les pros","publisher":{"@id":"https:\/\/christophedubois.fr\/formation\/#organization"},"potentialAction":[{"@type":"SearchAction","target":{"@type":"EntryPoint","urlTemplate":"https:\/\/christophedubois.fr\/formation\/?s={search_term_string}"},"query-input":{"@type":"PropertyValueSpecification","valueRequired":true,"valueName":"search_term_string"}}],"inLanguage":"fr-FR"},{"@type":"Organization","@id":"https:\/\/christophedubois.fr\/formation\/#organization","name":"webformation.pro","url":"https:\/\/christophedubois.fr\/formation\/","logo":{"@type":"ImageObject","inLanguage":"fr-FR","@id":"https:\/\/christophedubois.fr\/formation\/#\/schema\/logo\/image\/","url":"https:\/\/christophedubois.fr\/formation\/wp-content\/uploads\/2022\/01\/entete-webformation-hautsdefrance4-scaled.jpg","contentUrl":"https:\/\/christophedubois.fr\/formation\/wp-content\/uploads\/2022\/01\/entete-webformation-hautsdefrance4-scaled.jpg","width":2560,"height":537,"caption":"webformation.pro"},"image":{"@id":"https:\/\/christophedubois.fr\/formation\/#\/schema\/logo\/image\/"},"sameAs":["https:\/\/www.facebook.com\/christophe.dubois.webformation","https:\/\/www.linkedin.com\/company\/webformation\/"]}]}},"_links":{"self":[{"href":"https:\/\/christophedubois.fr\/formation\/index.php\/wp-json\/wp\/v2\/pages\/15","targetHints":{"allow":["GET"]}}],"collection":[{"href":"https:\/\/christophedubois.fr\/formation\/index.php\/wp-json\/wp\/v2\/pages"}],"about":[{"href":"https:\/\/christophedubois.fr\/formation\/index.php\/wp-json\/wp\/v2\/types\/page"}],"author":[{"embeddable":true,"href":"https:\/\/christophedubois.fr\/formation\/index.php\/wp-json\/wp\/v2\/users\/1"}],"replies":[{"embeddable":true,"href":"https:\/\/christophedubois.fr\/formation\/index.php\/wp-json\/wp\/v2\/comments?post=15"}],"version-history":[{"count":92,"href":"https:\/\/christophedubois.fr\/formation\/index.php\/wp-json\/wp\/v2\/pages\/15\/revisions"}],"predecessor-version":[{"id":1219,"href":"https:\/\/christophedubois.fr\/formation\/index.php\/wp-json\/wp\/v2\/pages\/15\/revisions\/1219"}],"wp:attachment":[{"href":"https:\/\/christophedubois.fr\/formation\/index.php\/wp-json\/wp\/v2\/media?parent=15"}],"curies":[{"name":"wp","href":"https:\/\/api.w.org\/{rel}","templated":true}]}}