{"id":1098,"date":"2021-09-30T16:06:41","date_gmt":"2021-09-30T14:06:41","guid":{"rendered":"https:\/\/christophedubois.fr\/formation\/?page_id=1098"},"modified":"2021-10-07T18:20:22","modified_gmt":"2021-10-07T16:20:22","slug":"gites-et-chambres-dhotes","status":"publish","type":"page","link":"https:\/\/christophedubois.fr\/formation\/index.php\/gites-et-chambres-dhotes\/","title":{"rendered":"G\u00eetes et chambres d&rsquo;h\u00f4tes"},"content":{"rendered":"\n<p><br>Vous g\u00e9rez un g\u00eete de tourisme&nbsp; ou des chambres d&rsquo;h\u00f4tes ou vous avez le projet de vous lancer dans ce type d&rsquo;activit\u00e9 ? L&rsquo;utilisation des outils num\u00e9riques est aujourd&rsquo;hui incontournable et le foisonnement des plateformes dans le domaine (Airbnb, Abritel, G\u00eete de France, TripAdvisor, booking&#8230;pour ne citer que les plus connues) complexifie la gestion et&nbsp; pose un certain nombre de questions :&nbsp; Quelles sont celles que vous devez privil\u00e9gier? Comment harmoniser vos calendriers de r\u00e9servation? &#8230;.<\/p>\n\n\n\n<p>Outre ces plateformes, il est \u00e9galement int\u00e9ressant de d\u00e9velopper les locations en direct. La solution la plus utilis\u00e9e est souvent la publication d&rsquo;annonces sur des sites tel le bon coin.&nbsp; Solution qui a ses contraintes (nombre de photos limit\u00e9 par exemple). Il est donc important d&rsquo;avoir un site Internet qui mettra en valeur votre location et vous permettra de limiter le nombre d&rsquo;appel t\u00e9l\u00e9phonique concernant des informations basiques (horaires, forfaits m\u00e9nages&#8230;).<\/p>\n\n\n\n<p>Enfin, il est essentiel d&rsquo;utiliser les outils de google comme google my business : cela&nbsp; permet \u00e0 vos locataires de trouver facilement votre g\u00eete avec la fonction itin\u00e9raire de google map, mais surtout, il permet aux personnes recherchant une location dans votre r\u00e9gion de conna\u00eetre votre existence, de visiter votre site web et donc de booster vos locations en direct.&nbsp;<\/p>\n\n\n\n<p>Tout cela demande souvent d&rsquo;acqu\u00e9rir de nouvelles comp\u00e9tences, c&rsquo;est ce que je vous propose en \u00e9laborant, selon vos besoins, un programme de formation sur mesure. Apr\u00e8s un premier entretien, je vous propose gratuitement un devis qui vous permettra de conna\u00eetre le budget formation qui vous sera n\u00e9cessaire.<\/p>\n\n\n\n<p>La formation au num\u00e9rique est un investissement, elle vous permettra d&rsquo;augmenter vos revenus en boostant vos locations et de limiter vos d\u00e9penses (recours \u00e0 des prestataires pour g\u00e9rer votre site Internet par exemple).\u00a0<\/p>\n\n\n\n<p>C&rsquo;est avec plaisir que je partagerai mes comp\u00e9tences avec vous afin de vous aider \u00e0&nbsp;atteindre vos objectifs.<\/p>\n\n\n\n<div class=\"wp-block-media-text alignwide has-media-on-the-right is-stacked-on-mobile\" style=\"grid-template-columns:auto 38%\"><figure class=\"wp-block-media-text__media\"><a href=\"https:\/\/www.christophedubois.fr\/cv\/\" target=\"_blank\" rel=\"noopener\"><img fetchpriority=\"high\" decoding=\"async\" width=\"476\" height=\"201\" src=\"https:\/\/christophedubois.fr\/formation\/wp-content\/uploads\/2021\/10\/activateur-1.png\" alt=\"\" class=\"wp-image-1116 size-full\" srcset=\"https:\/\/christophedubois.fr\/formation\/wp-content\/uploads\/2021\/10\/activateur-1.png 476w, https:\/\/christophedubois.fr\/formation\/wp-content\/uploads\/2021\/10\/activateur-1-300x127.png 300w\" sizes=\"(max-width: 476px) 100vw, 476px\" \/><\/a><\/figure><div class=\"wp-block-media-text__content\">\n<p class=\"has-text-align-right\" style=\"font-size:25px\">Christophe Dubois<\/p>\n<\/div><\/div>\n\n\n\n<div class=\"wp-block-media-text alignwide is-stacked-on-mobile\" style=\"grid-template-columns:15% auto\"><figure class=\"wp-block-media-text__media\"><img decoding=\"async\" width=\"283\" height=\"287\" src=\"https:\/\/christophedubois.fr\/formation\/wp-content\/uploads\/2021\/04\/telephone.png\" alt=\"\" class=\"wp-image-948 size-full\"\/><\/figure><div class=\"wp-block-media-text__content\">\n<p><\/p>\n\n\n\n<p style=\"font-size:25px\">06 68 51 53 79<\/p>\n\n\n\n<p><\/p>\n\n\n\n<p><\/p>\n<\/div><\/div>\n\n\n\n<div class=\"wp-block-media-text alignwide is-stacked-on-mobile\" style=\"grid-template-columns:15% auto\"><figure class=\"wp-block-media-text__media\"><img decoding=\"async\" width=\"283\" height=\"203\" src=\"https:\/\/christophedubois.fr\/formation\/wp-content\/uploads\/2021\/04\/mail.png\" alt=\"\" class=\"wp-image-950 size-full\"\/><\/figure><div class=\"wp-block-media-text__content\">\n<p style=\"font-size:30px\">webformation.hautsdefrance@gmail.com<\/p>\n<\/div><\/div>\n\n\n\n<br>\n\n\n\n<p class=\"has-text-align-center\" style=\"font-size:28px\">Exemple de R\u00e9alisation :<\/p>\n\n\n\n<div class=\"wp-block-image is-style-default\"><figure class=\"aligncenter size-large is-resized\"><a href=\"https:\/\/gitelabellevue.fr\/\" target=\"_blank\" rel=\"noopener\"><img loading=\"lazy\" decoding=\"async\" src=\"https:\/\/christophedubois.fr\/formation\/wp-content\/uploads\/2021\/04\/gite-708x1024.jpg\" alt=\"\" class=\"wp-image-807\" width=\"744\" height=\"1076\" srcset=\"https:\/\/christophedubois.fr\/formation\/wp-content\/uploads\/2021\/04\/gite-708x1024.jpg 708w, https:\/\/christophedubois.fr\/formation\/wp-content\/uploads\/2021\/04\/gite-207x300.jpg 207w, https:\/\/christophedubois.fr\/formation\/wp-content\/uploads\/2021\/04\/gite.jpg 767w\" sizes=\"(max-width: 744px) 100vw, 744px\" \/><\/a><\/figure><\/div>\n","protected":false},"excerpt":{"rendered":"<p>Vous g\u00e9rez un g\u00eete de tourisme&nbsp; ou des chambres d&rsquo;h\u00f4tes ou vous avez le projet de vous lancer dans ce type d&rsquo;activit\u00e9 ? L&rsquo;utilisation des&hellip;<\/p>\n","protected":false},"author":1,"featured_media":0,"parent":0,"menu_order":0,"comment_status":"closed","ping_status":"closed","template":"","meta":{"cybocfi_hide_featured_image":"","footnotes":""},"class_list":["post-1098","page","type-page","status-publish","hentry"],"yoast_head":"<!-- This site is optimized with the Yoast SEO plugin v26.2 - https:\/\/yoast.com\/wordpress\/plugins\/seo\/ -->\n<title>G\u00eetes et chambres d&#039;h\u00f4tes - Webformation.pro<\/title>\n<meta name=\"robots\" content=\"index, follow, max-snippet:-1, max-image-preview:large, max-video-preview:-1\" \/>\n<link rel=\"canonical\" href=\"https:\/\/christophedubois.fr\/formation\/index.php\/gites-et-chambres-dhotes\/\" \/>\n<meta property=\"og:locale\" content=\"fr_FR\" \/>\n<meta property=\"og:type\" content=\"article\" \/>\n<meta property=\"og:title\" content=\"G\u00eetes et chambres d&#039;h\u00f4tes - Webformation.pro\" \/>\n<meta property=\"og:description\" content=\"Vous g\u00e9rez un g\u00eete de tourisme&nbsp; ou des chambres d&rsquo;h\u00f4tes ou vous avez le projet de vous lancer dans ce type d&rsquo;activit\u00e9 ? L&rsquo;utilisation des&hellip;\" \/>\n<meta property=\"og:url\" content=\"https:\/\/christophedubois.fr\/formation\/index.php\/gites-et-chambres-dhotes\/\" \/>\n<meta property=\"og:site_name\" content=\"Webformation.pro\" \/>\n<meta property=\"article:publisher\" content=\"https:\/\/www.facebook.com\/christophe.dubois.webformation\" \/>\n<meta property=\"article:modified_time\" content=\"2021-10-07T16:20:22+00:00\" \/>\n<meta property=\"og:image\" content=\"https:\/\/christophedubois.fr\/formation\/wp-content\/uploads\/2021\/04\/gite-708x1024.jpg\" \/>\n<meta name=\"twitter:card\" content=\"summary_large_image\" \/>\n<meta name=\"twitter:label1\" content=\"Dur\u00e9e de lecture estim\u00e9e\" \/>\n\t<meta name=\"twitter:data1\" content=\"2 minutes\" \/>\n<script type=\"application\/ld+json\" class=\"yoast-schema-graph\">{\"@context\":\"https:\/\/schema.org\",\"@graph\":[{\"@type\":\"WebPage\",\"@id\":\"https:\/\/christophedubois.fr\/formation\/index.php\/gites-et-chambres-dhotes\/\",\"url\":\"https:\/\/christophedubois.fr\/formation\/index.php\/gites-et-chambres-dhotes\/\",\"name\":\"G\u00eetes et chambres d'h\u00f4tes - Webformation.pro\",\"isPartOf\":{\"@id\":\"https:\/\/christophedubois.fr\/formation\/#website\"},\"primaryImageOfPage\":{\"@id\":\"https:\/\/christophedubois.fr\/formation\/index.php\/gites-et-chambres-dhotes\/#primaryimage\"},\"image\":{\"@id\":\"https:\/\/christophedubois.fr\/formation\/index.php\/gites-et-chambres-dhotes\/#primaryimage\"},\"thumbnailUrl\":\"https:\/\/christophedubois.fr\/formation\/wp-content\/uploads\/2021\/04\/gite-708x1024.jpg\",\"datePublished\":\"2021-09-30T14:06:41+00:00\",\"dateModified\":\"2021-10-07T16:20:22+00:00\",\"breadcrumb\":{\"@id\":\"https:\/\/christophedubois.fr\/formation\/index.php\/gites-et-chambres-dhotes\/#breadcrumb\"},\"inLanguage\":\"fr-FR\",\"potentialAction\":[{\"@type\":\"ReadAction\",\"target\":[\"https:\/\/christophedubois.fr\/formation\/index.php\/gites-et-chambres-dhotes\/\"]}]},{\"@type\":\"ImageObject\",\"inLanguage\":\"fr-FR\",\"@id\":\"https:\/\/christophedubois.fr\/formation\/index.php\/gites-et-chambres-dhotes\/#primaryimage\",\"url\":\"https:\/\/christophedubois.fr\/formation\/wp-content\/uploads\/2021\/04\/gite.jpg\",\"contentUrl\":\"https:\/\/christophedubois.fr\/formation\/wp-content\/uploads\/2021\/04\/gite.jpg\",\"width\":767,\"height\":1109},{\"@type\":\"BreadcrumbList\",\"@id\":\"https:\/\/christophedubois.fr\/formation\/index.php\/gites-et-chambres-dhotes\/#breadcrumb\",\"itemListElement\":[{\"@type\":\"ListItem\",\"position\":1,\"name\":\"Accueil\",\"item\":\"https:\/\/christophedubois.fr\/formation\/\"},{\"@type\":\"ListItem\",\"position\":2,\"name\":\"G\u00eetes et chambres d&rsquo;h\u00f4tes\"}]},{\"@type\":\"WebSite\",\"@id\":\"https:\/\/christophedubois.fr\/formation\/#website\",\"url\":\"https:\/\/christophedubois.fr\/formation\/\",\"name\":\"Webformation.pro\",\"description\":\"La formation au Web pour les pros\",\"publisher\":{\"@id\":\"https:\/\/christophedubois.fr\/formation\/#organization\"},\"potentialAction\":[{\"@type\":\"SearchAction\",\"target\":{\"@type\":\"EntryPoint\",\"urlTemplate\":\"https:\/\/christophedubois.fr\/formation\/?s={search_term_string}\"},\"query-input\":{\"@type\":\"PropertyValueSpecification\",\"valueRequired\":true,\"valueName\":\"search_term_string\"}}],\"inLanguage\":\"fr-FR\"},{\"@type\":\"Organization\",\"@id\":\"https:\/\/christophedubois.fr\/formation\/#organization\",\"name\":\"webformation.pro\",\"url\":\"https:\/\/christophedubois.fr\/formation\/\",\"logo\":{\"@type\":\"ImageObject\",\"inLanguage\":\"fr-FR\",\"@id\":\"https:\/\/christophedubois.fr\/formation\/#\/schema\/logo\/image\/\",\"url\":\"https:\/\/christophedubois.fr\/formation\/wp-content\/uploads\/2022\/01\/entete-webformation-hautsdefrance4-scaled.jpg\",\"contentUrl\":\"https:\/\/christophedubois.fr\/formation\/wp-content\/uploads\/2022\/01\/entete-webformation-hautsdefrance4-scaled.jpg\",\"width\":2560,\"height\":537,\"caption\":\"webformation.pro\"},\"image\":{\"@id\":\"https:\/\/christophedubois.fr\/formation\/#\/schema\/logo\/image\/\"},\"sameAs\":[\"https:\/\/www.facebook.com\/christophe.dubois.webformation\",\"https:\/\/www.linkedin.com\/company\/webformation\/\"]}]}<\/script>\n<!-- \/ Yoast SEO plugin. -->","yoast_head_json":{"title":"G\u00eetes et chambres d'h\u00f4tes - Webformation.pro","robots":{"index":"index","follow":"follow","max-snippet":"max-snippet:-1","max-image-preview":"max-image-preview:large","max-video-preview":"max-video-preview:-1"},"canonical":"https:\/\/christophedubois.fr\/formation\/index.php\/gites-et-chambres-dhotes\/","og_locale":"fr_FR","og_type":"article","og_title":"G\u00eetes et chambres d'h\u00f4tes - Webformation.pro","og_description":"Vous g\u00e9rez un g\u00eete de tourisme&nbsp; ou des chambres d&rsquo;h\u00f4tes ou vous avez le projet de vous lancer dans ce type d&rsquo;activit\u00e9 ? L&rsquo;utilisation des&hellip;","og_url":"https:\/\/christophedubois.fr\/formation\/index.php\/gites-et-chambres-dhotes\/","og_site_name":"Webformation.pro","article_publisher":"https:\/\/www.facebook.com\/christophe.dubois.webformation","article_modified_time":"2021-10-07T16:20:22+00:00","og_image":[{"url":"https:\/\/christophedubois.fr\/formation\/wp-content\/uploads\/2021\/04\/gite-708x1024.jpg","type":"","width":"","height":""}],"twitter_card":"summary_large_image","twitter_misc":{"Dur\u00e9e de lecture estim\u00e9e":"2 minutes"},"schema":{"@context":"https:\/\/schema.org","@graph":[{"@type":"WebPage","@id":"https:\/\/christophedubois.fr\/formation\/index.php\/gites-et-chambres-dhotes\/","url":"https:\/\/christophedubois.fr\/formation\/index.php\/gites-et-chambres-dhotes\/","name":"G\u00eetes et chambres d'h\u00f4tes - Webformation.pro","isPartOf":{"@id":"https:\/\/christophedubois.fr\/formation\/#website"},"primaryImageOfPage":{"@id":"https:\/\/christophedubois.fr\/formation\/index.php\/gites-et-chambres-dhotes\/#primaryimage"},"image":{"@id":"https:\/\/christophedubois.fr\/formation\/index.php\/gites-et-chambres-dhotes\/#primaryimage"},"thumbnailUrl":"https:\/\/christophedubois.fr\/formation\/wp-content\/uploads\/2021\/04\/gite-708x1024.jpg","datePublished":"2021-09-30T14:06:41+00:00","dateModified":"2021-10-07T16:20:22+00:00","breadcrumb":{"@id":"https:\/\/christophedubois.fr\/formation\/index.php\/gites-et-chambres-dhotes\/#breadcrumb"},"inLanguage":"fr-FR","potentialAction":[{"@type":"ReadAction","target":["https:\/\/christophedubois.fr\/formation\/index.php\/gites-et-chambres-dhotes\/"]}]},{"@type":"ImageObject","inLanguage":"fr-FR","@id":"https:\/\/christophedubois.fr\/formation\/index.php\/gites-et-chambres-dhotes\/#primaryimage","url":"https:\/\/christophedubois.fr\/formation\/wp-content\/uploads\/2021\/04\/gite.jpg","contentUrl":"https:\/\/christophedubois.fr\/formation\/wp-content\/uploads\/2021\/04\/gite.jpg","width":767,"height":1109},{"@type":"BreadcrumbList","@id":"https:\/\/christophedubois.fr\/formation\/index.php\/gites-et-chambres-dhotes\/#breadcrumb","itemListElement":[{"@type":"ListItem","position":1,"name":"Accueil","item":"https:\/\/christophedubois.fr\/formation\/"},{"@type":"ListItem","position":2,"name":"G\u00eetes et chambres d&rsquo;h\u00f4tes"}]},{"@type":"WebSite","@id":"https:\/\/christophedubois.fr\/formation\/#website","url":"https:\/\/christophedubois.fr\/formation\/","name":"Webformation.pro","description":"La formation au Web pour les pros","publisher":{"@id":"https:\/\/christophedubois.fr\/formation\/#organization"},"potentialAction":[{"@type":"SearchAction","target":{"@type":"EntryPoint","urlTemplate":"https:\/\/christophedubois.fr\/formation\/?s={search_term_string}"},"query-input":{"@type":"PropertyValueSpecification","valueRequired":true,"valueName":"search_term_string"}}],"inLanguage":"fr-FR"},{"@type":"Organization","@id":"https:\/\/christophedubois.fr\/formation\/#organization","name":"webformation.pro","url":"https:\/\/christophedubois.fr\/formation\/","logo":{"@type":"ImageObject","inLanguage":"fr-FR","@id":"https:\/\/christophedubois.fr\/formation\/#\/schema\/logo\/image\/","url":"https:\/\/christophedubois.fr\/formation\/wp-content\/uploads\/2022\/01\/entete-webformation-hautsdefrance4-scaled.jpg","contentUrl":"https:\/\/christophedubois.fr\/formation\/wp-content\/uploads\/2022\/01\/entete-webformation-hautsdefrance4-scaled.jpg","width":2560,"height":537,"caption":"webformation.pro"},"image":{"@id":"https:\/\/christophedubois.fr\/formation\/#\/schema\/logo\/image\/"},"sameAs":["https:\/\/www.facebook.com\/christophe.dubois.webformation","https:\/\/www.linkedin.com\/company\/webformation\/"]}]}},"_links":{"self":[{"href":"https:\/\/christophedubois.fr\/formation\/index.php\/wp-json\/wp\/v2\/pages\/1098","targetHints":{"allow":["GET"]}}],"collection":[{"href":"https:\/\/christophedubois.fr\/formation\/index.php\/wp-json\/wp\/v2\/pages"}],"about":[{"href":"https:\/\/christophedubois.fr\/formation\/index.php\/wp-json\/wp\/v2\/types\/page"}],"author":[{"embeddable":true,"href":"https:\/\/christophedubois.fr\/formation\/index.php\/wp-json\/wp\/v2\/users\/1"}],"replies":[{"embeddable":true,"href":"https:\/\/christophedubois.fr\/formation\/index.php\/wp-json\/wp\/v2\/comments?post=1098"}],"version-history":[{"count":11,"href":"https:\/\/christophedubois.fr\/formation\/index.php\/wp-json\/wp\/v2\/pages\/1098\/revisions"}],"predecessor-version":[{"id":1224,"href":"https:\/\/christophedubois.fr\/formation\/index.php\/wp-json\/wp\/v2\/pages\/1098\/revisions\/1224"}],"wp:attachment":[{"href":"https:\/\/christophedubois.fr\/formation\/index.php\/wp-json\/wp\/v2\/media?parent=1098"}],"curies":[{"name":"wp","href":"https:\/\/api.w.org\/{rel}","templated":true}]}}